{"id":5675,"date":"2019-12-18T15:01:12","date_gmt":"2019-12-18T14:01:12","guid":{"rendered":"https:\/\/bebypreeminence.com\/it\/?page_id=5675"},"modified":"2026-04-30T11:45:47","modified_gmt":"2026-04-30T09:45:47","slug":"dominic-iris-interior-design-studio-kuala-lumpur-malaysia","status":"publish","type":"page","link":"https:\/\/bebypreeminence.com\/it\/beby-italy-customer-experience\/dominic-iris-interior-design-studio-kuala-lumpur-malaysia\/","title":{"rendered":"Dominic Iris Interior Design Studio Kuala Lumpur Malaysia"},"content":{"rendered":"<p><!-- HERO CUSTOMER EXPERIENCE DETAIL --><\/p>\n<div class=\"grid-container grid-parent\">\n<div class=\"grid-100 grid-parent\" style=\"position: relative; background-image: url('https:\/\/bebypreeminence.com\/wp-content\/uploads\/2026\/04\/0d870007-cd43-4b5f-968e-767423b7d456.png'); background-size: cover; background-position: center center; background-repeat: no-repeat; color: #ffffff; overflow: hidden;\">\n<div style=\"position: absolute; inset: 0; background: rgba(10,10,10,0.42); z-index: 1;\"><\/div>\n<div style=\"position: relative; z-index: 2; padding: 110px 24px 105px 24px; text-align: center;\">\n<p style=\"letter-spacing: 2px; text-transform: uppercase; font-size: 12px; color: #ccaf73; margin: 0 0 18px 0;\">\n        Customer Experience\n      <\/p>\n<h1 style=\"font-size: clamp(36px, 5vw, 60px); line-height: 1.12; color: #ffffff; max-width: 980px; margin: 0 auto 24px auto; font-weight: 400;\">\n        La mia esperienza con Beby<br \/>\n      <\/h1>\n<p style=\"max-width: 850px; margin: 0 auto; font-size: clamp(18px, 2vw, 22px); line-height: 1.8; color: #f0f0f0;\">\n        L\u2019opinione che fa la differenza.\n      <\/p>\n<\/p><\/div>\n<\/p><\/div>\n<\/div>\n<p><!-- INTRO TESTIMONIANZA --><\/p>\n<div class=\"grid-container grid-parent\">\n<div class=\"grid-100 grid-parent\" style=\"padding: 80px 24px 55px 24px; background: #f8f6f2; text-align: center;\">\n<p style=\"letter-spacing: 2px; text-transform: uppercase; font-size: 12px; color: #ccaf73; margin: 0 0 18px 0;\">\n      Client Voice\n    <\/p>\n<h2 style=\"font-size: clamp(30px, 4vw, 42px); line-height: 1.3; color: #1a1a1a; max-width: 900px; margin: 0 auto 18px auto; font-weight: 400;\">\n      Dominic \/ Iris, Interior Design Studio<br \/>\n    <\/h2>\n<p style=\"font-size: 16px; line-height: 1.8; color: #777777; margin: 0 auto; max-width: 760px;\">\n      Kuala Lumpur, Malaysia \u00b7 05\/11\/2019\n    <\/p>\n<\/p><\/div>\n<\/div>\n<p><!-- CONTENUTO TESTIMONIANZA --><\/p>\n<div class=\"grid-container grid-parent\">\n<div class=\"grid-100 grid-parent\" style=\"padding: 70px 24px 70px 24px; background: #ffffff;\">\n<div class=\"grid-80 push-10\" style=\"background: #ffffff; border: 1px solid rgba(204,175,115,0.30); box-shadow: 0 14px 35px rgba(0,0,0,0.05); padding: 48px 42px;\">\n<div style=\"text-align: center; margin-bottom: 36px;\">\n<p style=\"letter-spacing: 2px; text-transform: uppercase; font-size: 12px; color: #ccaf73; margin: 0 0 14px 0;\">\n          Testimonial\n        <\/p>\n<h3 style=\"font-size: clamp(26px, 3vw, 34px); line-height: 1.3; color: #1a1a1a; margin: 0 0 10px 0; font-weight: 400;\">\n          \u201cQuesto \u00e8 il tipo di servizio che apprezziamo e valorizziamo\u201d<br \/>\n        <\/h3>\n<p style=\"font-size: 16px; line-height: 1.8; color: #777777; margin: 0;\">\n          Qualit\u00e0 del prodotto, comunicazione, affidabilit\u00e0 e supporto post-vendita.\n        <\/p>\n<\/p><\/div>\n<p>      <!-- EN --><\/p>\n<div style=\"padding: 30px 0; border-top: 1px solid rgba(204,175,115,0.25);\">\n<p style=\"letter-spacing: 1.8px; text-transform: uppercase; font-size: 11px; color: #ccaf73; margin: 0 0 18px 0;\">\n          English version\n        <\/p>\n<p style=\"font-size: 19px; line-height: 1.9; color: #555555; margin: 0 0 18px 0;\">\n          \u201cWe did notice Beby&#8217;s new website and we find it very impressive and informative. Definitely an advantage when promoting Beby products to potential customers.\u201d\n        <\/p>\n<p style=\"font-size: 18px; line-height: 1.9; color: #555555; margin: 0 0 18px 0;\">\n          Further to your email, we are pleased to provide our feedback based on our relationship with Beby throughout these years:\n        <\/p>\n<p style=\"font-size: 18px; line-height: 1.9; color: #555555; margin: 0 0 14px 0;\">\n          <b>1) Personnel<\/b> \u2014 Good communication between us and Beby&#8217;s representatives. They were all very informative and accommodating towards our requests and very prompt at replies.\n        <\/p>\n<p style=\"font-size: 18px; line-height: 1.9; color: #555555; margin: 0 0 14px 0;\">\n          <b>2) Product<\/b> \u2014 No doubt, Beby&#8217;s products are of high quality and standards. We never hesitate to recommend Beby products whenever there are exclusive projects; high-end residences, palaces and VIP suites.\n        <\/p>\n<p style=\"font-size: 18px; line-height: 1.9; color: #555555; margin: 0 0 14px 0;\">\n          <b>3) Loyalty<\/b> \u2014 We really appreciate the loyalty Beby has shown to us throughout these years. Whenever we propose Beby products, we are rest assured of the protection given by Beby.\n        <\/p>\n<p style=\"font-size: 18px; line-height: 1.9; color: #555555; margin: 0;\">\n          <b>4) Packaging<\/b> \u2014 Overall, we are very satisfied and happy with the logistics in importing Beby products to Malaysia, which usually goes without any problem. In 2014, during a Palace project in Malaysia, a few glass arms arrived broken, probably during shipment. Beby was very professional and quick to help rectify by immediately sending replacements. This is the type of service that we appreciate and value from Beby.\n        <\/p>\n<\/p><\/div>\n<p>      <!-- IT --><\/p>\n<div style=\"padding: 30px 0; border-top: 1px solid rgba(204,175,115,0.25); border-bottom: 1px solid rgba(204,175,115,0.25);\">\n<p style=\"letter-spacing: 1.8px; text-transform: uppercase; font-size: 11px; color: #ccaf73; margin: 0 0 18px 0;\">\n          Versione italiana\n        <\/p>\n<p style=\"font-size: 19px; line-height: 1.9; color: #555555; margin: 0 0 18px 0;\">\n          \u201cAbbiamo notato il nuovo sito Web di Beby e lo troviamo molto impressionante e informativo. Sicuramente un vantaggio per noi quando si promuovono i prodotti Beby a potenziali clienti.\u201d\n        <\/p>\n<p style=\"font-size: 18px; line-height: 1.9; color: #555555; margin: 0 0 18px 0;\">\n          Il nostro feedback basato sul nostro rapporto con Beby nel corso di questi anni:\n        <\/p>\n<p style=\"font-size: 18px; line-height: 1.9; color: #555555; margin: 0 0 14px 0;\">\n          <b>1) Personale<\/b> \u2014 Buona comunicazione tra noi e i commerciali di Beby. Sono sempre stati tutti molto preparati e disponibili verso le nostre richieste.\n        <\/p>\n<p style=\"font-size: 18px; line-height: 1.9; color: #555555; margin: 0 0 14px 0;\">\n          <b>2) Prodotto<\/b> \u2014 Senza dubbio, i prodotti Beby sono di alta qualit\u00e0. Non esitiamo mai a raccomandare i prodotti Beby ogni volta che ci sono progetti esclusivi, come residenze di alto livello, palazzi e suite VIP.\n        <\/p>\n<p style=\"font-size: 18px; line-height: 1.9; color: #555555; margin: 0 0 14px 0;\">\n          <b>3) Lealt\u00e0<\/b> \u2014 Apprezziamo molto la lealt\u00e0 che Beby ci ha dimostrato in questi anni. Ogni volta che proponiamo prodotti Beby, siamo certi della protezione fornita da Beby.\n        <\/p>\n<p style=\"font-size: 18px; line-height: 1.9; color: #555555; margin: 0;\">\n          <b>4) Imballaggio<\/b> \u2014 Nel complesso, siamo molto compiaciuti e soddisfatti della logistica nell\u2019importazione dei prodotti Beby in Malesia. Nel 2014, durante un progetto Palace, alcuni bracci di vetro dei lampadari sono arrivati rotti, probabilmente durante la spedizione. Beby \u00e8 stata molto professionale e pronta a dare supporto per la sostituzione immediata. Questo \u00e8 il tipo di servizio che apprezziamo di Beby e che ne d\u00e0 valore.\n        <\/p>\n<\/p><\/div>\n<\/p><\/div>\n<\/p><\/div>\n<\/div>\n<p><!-- GALLERY --><\/p>\n<div class=\"grid-container grid-parent\">\n<div class=\"grid-100 grid-parent\" style=\"padding: 20px 24px 75px 24px; background: #ffffff; text-align: center;\">\n<div class=\"grid-100\" style=\"margin-bottom: 36px;\">\n<p style=\"letter-spacing: 2px; text-transform: uppercase; font-size: 12px; color: #ccaf73; margin: 0 0 18px 0;\">\n        Project Images\n      <\/p>\n<h2 style=\"font-size: clamp(30px, 4vw, 42px); color: #1a1a1a; margin: 0; font-weight: 400;\">\n        Dettagli del progetto<br \/>\n      <\/h2>\n<\/p><\/div>\n<div class=\"grid-100\">\n      <div id='gallery-1' class='gallery galleryid-5675 gallery-columns-3 gallery-size-full'><figure class='gallery-item'>\r\n\t\t\t<div class='gallery-icon landscape'>\r\n\t\t\t\t<img width=\"640\" height=\"640\" src=\"https:\/\/bebypreeminence.com\/wp-content\/uploads\/2019\/12\/Malaysia-6.jpg\" class=\"attachment-full size-full\" alt=\"\" decoding=\"async\" loading=\"lazy\" srcset=\"https:\/\/bebypreeminence.com\/wp-content\/uploads\/2019\/12\/Malaysia-6.jpg 640w, https:\/\/bebypreeminence.com\/wp-content\/uploads\/2019\/12\/Malaysia-6-150x150.jpg 150w, https:\/\/bebypreeminence.com\/wp-content\/uploads\/2019\/12\/Malaysia-6-300x300.jpg 300w\" sizes=\"(max-width: 640px) 100vw, 640px\" \/>\r\n\t\t\t<\/div><\/figure><figure class='gallery-item'>\r\n\t\t\t<div class='gallery-icon landscape'>\r\n\t\t\t\t<img width=\"640\" height=\"640\" src=\"https:\/\/bebypreeminence.com\/wp-content\/uploads\/2019\/12\/Malaysia-4.jpg\" class=\"attachment-full size-full\" alt=\"\" decoding=\"async\" loading=\"lazy\" srcset=\"https:\/\/bebypreeminence.com\/wp-content\/uploads\/2019\/12\/Malaysia-4.jpg 640w, https:\/\/bebypreeminence.com\/wp-content\/uploads\/2019\/12\/Malaysia-4-150x150.jpg 150w, https:\/\/bebypreeminence.com\/wp-content\/uploads\/2019\/12\/Malaysia-4-300x300.jpg 300w\" sizes=\"(max-width: 640px) 100vw, 640px\" \/>\r\n\t\t\t<\/div><\/figure><figure class='gallery-item'>\r\n\t\t\t<div class='gallery-icon landscape'>\r\n\t\t\t\t<img width=\"640\" height=\"640\" src=\"https:\/\/bebypreeminence.com\/wp-content\/uploads\/2019\/12\/Malaysia-2.jpg\" class=\"attachment-full size-full\" alt=\"\" decoding=\"async\" loading=\"lazy\" srcset=\"https:\/\/bebypreeminence.com\/wp-content\/uploads\/2019\/12\/Malaysia-2.jpg 640w, https:\/\/bebypreeminence.com\/wp-content\/uploads\/2019\/12\/Malaysia-2-150x150.jpg 150w, https:\/\/bebypreeminence.com\/wp-content\/uploads\/2019\/12\/Malaysia-2-300x300.jpg 300w\" sizes=\"(max-width: 640px) 100vw, 640px\" \/>\r\n\t\t\t<\/div><\/figure><\/div>\n\n    <\/div>\n<\/p><\/div>\n<\/div>\n<p><!-- BACK CTA --><\/p>\n<div class=\"grid-container grid-parent\">\n<div class=\"grid-100 grid-parent\" style=\"padding: 80px 24px; background: #f8f6f2; text-align: center;\">\n<p style=\"letter-spacing: 2px; text-transform: uppercase; font-size: 12px; color: #ccaf73; margin: 0 0 18px 0;\">\n      Customer Experience\n    <\/p>\n<h2 style=\"font-size: clamp(30px, 4vw, 42px); line-height: 1.3; color: #1a1a1a; margin: 0 0 20px 0; font-weight: 400;\">\n      Scopri altre esperienze Beby<br \/>\n    <\/h2>\n<p style=\"max-width: 820px; margin: 0 auto; font-size: 18px; line-height: 1.8; color: #666666;\">\n      Testimonianze di clienti, interior designer e studi internazionali che hanno scelto Beby per progetti di illuminazione su misura.\n    <\/p>\n<div style=\"margin-top: 34px;\">\n      <a style=\"display: inline-block; border: 1px solid #ccaf73; padding: 16px 32px; color: #1a1a1a; text-decoration: none; letter-spacing: 1.4px; text-transform: uppercase; font-size: 11px;\" href=\"https:\/\/bebypreeminence.com\/it\/beby-italy-customer-experience\/\" target=\"_self\" rel=\"noopener\"><br \/>\n        Torna alla pagina principale<br \/>\n      <\/a>\n    <\/div>\n<\/p><\/div>\n<\/div>\n","protected":false},"excerpt":{"rendered":"<p>Customer Experience La mia esperienza con Beby L\u2019opinione che fa la differenza. Client Voice Dominic \/ Iris, Interior Design Studio Kuala Lumpur, Malaysia \u00b7 05\/11\/2019 Testimonial \u201cQuesto \u00e8 il tipo di servizio che apprezziamo e valorizziamo\u201d Qualit\u00e0 del prodotto, comunicazione, affidabilit\u00e0 e supporto post-vendita. English version \u201cWe did notice Beby&#8217;s new website and we find &#8230; <a title=\"Dominic Iris Interior Design Studio Kuala Lumpur Malaysia\" class=\"read-more\" href=\"https:\/\/bebypreeminence.com\/it\/beby-italy-customer-experience\/dominic-iris-interior-design-studio-kuala-lumpur-malaysia\/\">Read more<\/a><\/p>\n","protected":false},"author":1,"featured_media":0,"parent":5073,"menu_order":1,"comment_status":"closed","ping_status":"closed","template":"","meta":{"footnotes":""},"aioseo_notices":[],"_links":{"self":[{"href":"https:\/\/bebypreeminence.com\/it\/wp-json\/wp\/v2\/pages\/5675"}],"collection":[{"href":"https:\/\/bebypreeminence.com\/it\/wp-json\/wp\/v2\/pages"}],"about":[{"href":"https:\/\/bebypreeminence.com\/it\/wp-json\/wp\/v2\/types\/page"}],"author":[{"embeddable":true,"href":"https:\/\/bebypreeminence.com\/it\/wp-json\/wp\/v2\/users\/1"}],"replies":[{"embeddable":true,"href":"https:\/\/bebypreeminence.com\/it\/wp-json\/wp\/v2\/comments?post=5675"}],"version-history":[{"count":4,"href":"https:\/\/bebypreeminence.com\/it\/wp-json\/wp\/v2\/pages\/5675\/revisions"}],"predecessor-version":[{"id":16577,"href":"https:\/\/bebypreeminence.com\/it\/wp-json\/wp\/v2\/pages\/5675\/revisions\/16577"}],"up":[{"embeddable":true,"href":"https:\/\/bebypreeminence.com\/it\/wp-json\/wp\/v2\/pages\/5073"}],"wp:attachment":[{"href":"https:\/\/bebypreeminence.com\/it\/wp-json\/wp\/v2\/media?parent=5675"}],"curies":[{"name":"wp","href":"https:\/\/api.w.org\/{rel}","templated":true}]}}