{"id":2602,"date":"2019-04-30T12:12:22","date_gmt":"2019-04-30T10:12:22","guid":{"rendered":""},"modified":"2023-10-02T12:59:54","modified_gmt":"2023-10-02T10:59:54","slug":"villa-privata-londra","status":"publish","type":"page","link":"https:\/\/bebypreeminence.com\/it\/projects\/villa-privata-londra\/","title":{"rendered":"Villa Privata &#8211; Londra"},"content":{"rendered":"<div class=\"grid-container grid-parent\">\n<div class=\"grid 100 grid-parent custom-header\" style=\"background-image: url('https:\/\/bebypreeminence.com\/wp-content\/uploads\/2019\/04\/private_villa_london_projects_bebyitaly_1920x1080.jpg');\">\n<div class=\"custom-header-text\">\n<h1 style=\"color: #ffffff; text-shadow: 1px 1px #333333;\">VILLA PRIVATA &#8211; LONDRA<\/h1>\n<h2 style=\"color: #ffffff; text-shadow: 1px 1px #333333;\">Raffinato e prestigioso progetto di residenza privata<\/h2>\n<\/div>\n<\/div>\n<\/div>\n<div class=\"grid-container\" style=\"text-align: left;\">\n<div class=\"grid-60 push-20\" style=\"padding-top: 50px;\">\n<h4><b>Restauro di arredamento e luci per un edificio storico a Londra<\/b><\/h4>\n<h4>Progetto di restauro di uno storico edificio londinese (Fitzhardinge street \u2013 London) per il quale <b>Beby <\/b>ha prodotto tutto l\u2019arredo interno e l\u2019apparato illuminante, in uno stile moderno con inseriti classici che sottolinea la raffinatezza e il prestigio della struttura stessa. Sono state utilizzate svariate collezioni, confermando cos\u00ec la modularit\u00e0 e la versatilit\u00e0 dei nostri prodotti.<\/p>\n<p>&#8211; Living room: collezione <a href=\"https:\/\/bebypreeminence.com\/it\/collections\/furniture\/bouquet-home\/\"><b>Bouquet<\/b><\/a> (living), collezione <a href=\"https:\/\/bebypreeminence.com\/it\/collections\/lighting\/la-femme\/\"><b>La Femme<\/b><\/a> (lighting).<br \/>\n&#8211; Master bedroom: collezione <a href=\"https:\/\/bebypreeminence.com\/it\/collections\/furniture\/crystal-sand-home\/\"><b>Crystal Sand<\/b><\/a> (living), collezione <a href=\"https:\/\/bebypreeminence.com\/it\/collections\/lighting\/crystal-sand\/\"><b>Crystal Sand<\/b><\/a> (lighting).<br \/>\n&#8211; Dining room: collezione <a href=\"https:\/\/bebypreeminence.com\/it\/collections\/furniture\/passion-home\/\"><b>Passion<\/b><\/a> (living), collezione <a href=\"https:\/\/bebypreeminence.com\/it\/collections\/lighting\/violet-ultraviolet\/\"><b>Violet<\/b><\/a> (lighting)<\/h4>\n<\/div>\n<div class=\"grid-60 push-20\" style=\"padding: 30px 0 30px 0;\"><img decoding=\"async\" loading=\"lazy\" class=\"aligncenter size-full wp-image-400\" src=\"https:\/\/bebypreeminence.com\/wp-content\/uploads\/2019\/03\/frame.png\" alt=\"\" width=\"1080\" height=\"35\" srcset=\"https:\/\/bebypreeminence.com\/wp-content\/uploads\/2019\/03\/frame.png 1080w, https:\/\/bebypreeminence.com\/wp-content\/uploads\/2019\/03\/frame-300x10.png 300w, https:\/\/bebypreeminence.com\/wp-content\/uploads\/2019\/03\/frame-768x25.png 768w, https:\/\/bebypreeminence.com\/wp-content\/uploads\/2019\/03\/frame-1024x33.png 1024w\" sizes=\"(max-width: 1080px) 100vw, 1080px\" \/><\/div>\n<\/div>\n<div class=\"grid-container grid-parent\" style=\"text-align: center;\">\n<div class=\"grid-100 grid-parent\" style=\"padding: 10px 0;\"><style type='text\/css'>#cbpw-wrap89 {margin:0px 0px 0px 0px;}#cbpw-grid89 .cbp-l-caption-title {color:#333333;background-color:transparent;font-size:16px;font-family:Open Sans;font-weight:400;font-style:normal;line-height:21px;text-align:center;padding:0px 0px 0px 0px;margin:0px 0px 0px 0px;text-transform:none;}#cbpw-grid89 .cbp-l-caption-desc {color:333333;background-color:transparent;font-size:12px;font-family:Open Sans;font-weight:400;font-style:normal;line-height:16px;text-align:center;padding:0px 0px 0px 0px;margin:0px 0px 0px 0px;text-transform:none;}#cbpw-grid89 .cbp-caption-activeWrap {background-color:#f7f7f7;}#cbpw-loadMore89 .cbp-l-loadMore-link {color:#7E7B7B;background-color:transparent;border-width:1px 1px 1px 1px;border-style:solid;border-color:#DEDEDE;font-size:12px;font-family:Open Sans,sans-serif;font-weight:400;font-style:normal;line-height:34px;text-align:center;padding:0px 30px 0px 30px;margin:40px 0px 0px 0px;text-transform:none;}#cbpw-loadMore89 .cbp-l-loadMore-link:hover {color:#B0B0B0;background-color:transparent;border-width:1px 1px 1px 1px;border-style:solid;border-color:#DEDEDE;font-size:12px;font-family:Open Sans,sans-serif;font-weight:400;font-style:normal;line-height:34px;text-align:center;padding:0px 30px 0px 30px;margin:40px 0px 0px 0px;text-transform:none;}#cbpw-loadMore89 .cbp-l-loadMore-loading {color:#B0B0B0;background-color:transparent;border-width:1px 1px 1px 1px;border-style:solid;border-color:#DEDEDE;font-size:12px;font-family:Open Sans,sans-serif;font-weight:400;font-style:normal;line-height:34px;text-align:center;padding:0px 30px 0px 30px;margin:40px 0px 0px 0px;text-transform:none;}#cbpw-loadMore89 .cbp-l-loadMore-loading:hover {color:#B0B0B0;background-color:transparent;border-width:1px 1px 1px 1px;border-style:solid;border-color:#DEDEDE;font-size:12px;font-family:Open Sans,sans-serif;font-weight:400;font-style:normal;line-height:34px;text-align:center;padding:0px 30px 0px 30px;margin:40px 0px 0px 0px;text-transform:none;}#cbpw-loadMore89 .cbp-l-loadMore-stop {color:#B0B0B0;background-color:transparent;border-width:1px 1px 1px 1px;border-style:solid;border-color:#DEDEDE;font-size:12px;font-family:Open Sans,sans-serif;font-weight:400;font-style:normal;line-height:34px;text-align:center;padding:0px 30px 0px 30px;margin:40px 0px 0px 0px;text-transform:none;}#cbpw-loadMore89 .cbp-l-loadMore-stop:hover {color:#B0B0B0;background-color:transparent;border-width:1px 1px 1px 1px;border-style:solid;border-color:#DEDEDE;font-size:12px;font-family:Open Sans,sans-serif;font-weight:400;font-style:normal;line-height:34px;text-align:center;padding:0px 30px 0px 30px;margin:40px 0px 0px 0px;text-transform:none;}#cbpw-singlePage89 .cbp-popup-navigation-wrap {background-color:#3D4750;}#cbpw-singlePage89 .cbp-popup-singlePage-counter {color:#fff;font-size:13px;font-family:Open Sans;font-weight:400;font-style:normal;}<\/style><link rel=\"stylesheet\" href=\"\/\/fonts.googleapis.com\/css?family=Open+Sans:400normal\" type=\"text\/css\" media=\"all\" property=\"stylesheet\"><div id=\"cbpw-wrap89\"><div id=\"cbpw-grid89\" class=\"cbp-l-grid-masonry cbp \"><div><div class=\"cbp-item identity\"><a href=\"https:\/\/bebypreeminence.com\/wp-content\/uploads\/2019\/04\/private_villa_london_projects_bebyitaly_04_640x640.jpg\" class=\"cbp-caption cbp-lightbox\"><div class=\"cbp-caption-defaultWrap\"><img src=\"https:\/\/bebypreeminence.com\/wp-content\/uploads\/2019\/04\/private_villa_london_projects_bebyitaly_04_640x640.jpg\" alt=\"\"><\/div><div class=\"cbp-caption-activeWrap\"><div class=\"cbp-l-caption-alignCenter\"><div class=\"cbp-l-caption-body\"><div class=\"cbp-l-caption-title\">Private Villa in London - View<\/div><div class=\"cbp-l-caption-desc\">Stylish tv-room rich in classy details<\/div><\/div><\/div><\/div><\/a><\/div><div class=\"cbp-item identity\"><a href=\"https:\/\/bebypreeminence.com\/wp-content\/uploads\/2019\/04\/private_villa_london_projects_bebyitaly_01_640x640.jpg\" class=\"cbp-caption cbp-lightbox\"><div class=\"cbp-caption-defaultWrap\"><img src=\"https:\/\/bebypreeminence.com\/wp-content\/uploads\/2019\/04\/private_villa_london_projects_bebyitaly_01_640x640.jpg\" alt=\"\"><\/div><div class=\"cbp-caption-activeWrap\"><div class=\"cbp-l-caption-alignCenter\"><div class=\"cbp-l-caption-body\"><div class=\"cbp-l-caption-title\">Private Villa in London - View<\/div><div class=\"cbp-l-caption-desc\">Elegant living room in 'round' concept<\/div><\/div><\/div><\/div><\/a><\/div><div class=\"cbp-item identity\"><a href=\"https:\/\/bebypreeminence.com\/wp-content\/uploads\/2019\/04\/private_villa_london_projects_bebyitaly_02_640x640.jpg\" class=\"cbp-caption cbp-lightbox\"><div class=\"cbp-caption-defaultWrap\"><img src=\"https:\/\/bebypreeminence.com\/wp-content\/uploads\/2019\/04\/private_villa_london_projects_bebyitaly_02_640x640.jpg\" alt=\"\"><\/div><div class=\"cbp-caption-activeWrap\"><div class=\"cbp-l-caption-alignCenter\"><div class=\"cbp-l-caption-body\"><div class=\"cbp-l-caption-title\">Private Villa in London - View<\/div><div class=\"cbp-l-caption-desc\">Fancy dining-room, typical of high-class flat<\/div><\/div><\/div><\/div><\/a><\/div><\/div><\/div><\/div><script type=\"text\/javascript\">this.initCubePortfolio =  this.initCubePortfolio || []; this.initCubePortfolio.push({id: 89, options: {\"filters\":\"\",\"search\":\"\",\"layoutMode\":\"mosaic\",\"sortByDimension\":false,\"drag\":true,\"auto\":false,\"autoTimeout\":5000,\"autoPauseOnHover\":true,\"showNavigation\":true,\"showPagination\":true,\"rewindNav\":true,\"scrollByPage\":false,\"defaultFilter\":\"*\",\"filterDeeplinking\":false,\"animationType\":\"slideDelay\",\"gridAdjustment\":\"responsive\",\"mediaQueries\":[{\"width\":1400,\"cols\":3},{\"width\":1170,\"cols\":3},{\"width\":1024,\"cols\":3},{\"width\":960,\"cols\":3},{\"width\":778,\"cols\":3},{\"width\":640,\"cols\":1},{\"width\":480,\"cols\":1}],\"gapHorizontal\":60,\"gapVertical\":0,\"caption\":\"overlayBottomAlong\",\"displayType\":\"bottomToTop\",\"displayTypeSpeed\":100,\"lightboxDelegate\":\".cbp-lightbox\",\"lightboxGallery\":true,\"lightboxTitleSrc\":\"data-title\",\"lightboxCounter\":\"<div class=\\\"cbp-popup-lightbox-counter\\\">{{current}} of {{total}}<\/div>\",\"singlePageDelegate\":\".cbp-singlePage\",\"singlePageDeeplinking\":true,\"singlePageStickyNavigation\":true,\"singlePageCounter\":\"<div class=\\\"cbp-popup-singlePage-counter\\\">{{current}} of {{total}}<\/div>\",\"singlePageAnimation\":\"left\",\"singlePageInlineDelegate\":\".cbp-singlePageInline\",\"singlePageInlineDeeplinking\":false,\"singlePageInlinePosition\":\"above\",\"singlePageInlineInFocus\":true,\"plugins\":{\"loadMore\":{\"element\":\"#cbpw-loadMore89\",\"loadItems\":3}},\"loadMore\":\"\",\"displayItemsLoadMore\":3,\"coverRatio\":\"\"}});<\/script><\/div>\n<\/div>\n<div class=\"grid-container\" style=\"text-align: center;\">\n<div class=\"grid-60 push-20\" style=\"padding: 50px 0 30px 0;\"><img decoding=\"async\" loading=\"lazy\" class=\"aligncenter size-full wp-image-400\" src=\"https:\/\/bebypreeminence.com\/wp-content\/uploads\/2019\/03\/frame.png\" alt=\"\" width=\"1080\" height=\"35\" srcset=\"https:\/\/bebypreeminence.com\/wp-content\/uploads\/2019\/03\/frame.png 1080w, https:\/\/bebypreeminence.com\/wp-content\/uploads\/2019\/03\/frame-300x10.png 300w, https:\/\/bebypreeminence.com\/wp-content\/uploads\/2019\/03\/frame-768x25.png 768w, https:\/\/bebypreeminence.com\/wp-content\/uploads\/2019\/03\/frame-1024x33.png 1024w\" sizes=\"(max-width: 1080px) 100vw, 1080px\" \/><\/div>\n<div class=\"clear\"><\/div>\n<div class=\"grid-100\" style=\"padding: 50px 0 30px 0;\">\n<h4><b>Info sul progetto &#8220;Villa Privata &#8211; Londra&#8221;<br \/>\nrichiedi al nostro back office<\/b><\/h4>\n<p><button class=\"info\"><a style=\"color: #ffffff;\" href=\"https:\/\/bebypreeminence.com\/it\/info-request\/\" target=\"_self\" rel=\"noopener\">INVIA RICHIESTA<\/a><\/button><\/p>\n<\/div>\n<\/div>\n","protected":false},"excerpt":{"rendered":"<p>VILLA PRIVATA &#8211; LONDRA Raffinato e prestigioso progetto di residenza privata Restauro di arredamento e luci per un edificio storico a Londra Progetto di restauro di uno storico edificio londinese (Fitzhardinge street \u2013 London) per il quale Beby ha prodotto tutto l\u2019arredo interno e l\u2019apparato illuminante, in uno stile moderno con inseriti classici che sottolinea &#8230; <a title=\"Villa Privata &#8211; Londra\" class=\"read-more\" href=\"https:\/\/bebypreeminence.com\/it\/projects\/villa-privata-londra\/\">Read more<\/a><\/p>\n","protected":false},"author":1,"featured_media":0,"parent":2485,"menu_order":6,"comment_status":"closed","ping_status":"closed","template":"","meta":{"footnotes":""},"aioseo_notices":[],"_links":{"self":[{"href":"https:\/\/bebypreeminence.com\/it\/wp-json\/wp\/v2\/pages\/2602"}],"collection":[{"href":"https:\/\/bebypreeminence.com\/it\/wp-json\/wp\/v2\/pages"}],"about":[{"href":"https:\/\/bebypreeminence.com\/it\/wp-json\/wp\/v2\/types\/page"}],"author":[{"embeddable":true,"href":"https:\/\/bebypreeminence.com\/it\/wp-json\/wp\/v2\/users\/1"}],"replies":[{"embeddable":true,"href":"https:\/\/bebypreeminence.com\/it\/wp-json\/wp\/v2\/comments?post=2602"}],"version-history":[{"count":2,"href":"https:\/\/bebypreeminence.com\/it\/wp-json\/wp\/v2\/pages\/2602\/revisions"}],"predecessor-version":[{"id":9780,"href":"https:\/\/bebypreeminence.com\/it\/wp-json\/wp\/v2\/pages\/2602\/revisions\/9780"}],"up":[{"embeddable":true,"href":"https:\/\/bebypreeminence.com\/it\/wp-json\/wp\/v2\/pages\/2485"}],"wp:attachment":[{"href":"https:\/\/bebypreeminence.com\/it\/wp-json\/wp\/v2\/media?parent=2602"}],"curies":[{"name":"wp","href":"https:\/\/api.w.org\/{rel}","templated":true}]}}