{"id":2232,"date":"2019-04-15T11:43:32","date_gmt":"2019-04-15T09:43:32","guid":{"rendered":"[:it]<div class=\"grid-container grid-parent\">\r\n<div class=\"grid 100 grid-parent custom-header\" style=\"background-image: url('https:\/\/bebypreeminence.com\/wp-content\/uploads\/2019\/04\/outdoor_gazebo_collection_outdoor_bebyitaly_1920x1080.jpg')"},"modified":"2019-05-13T10:07:29","modified_gmt":"2019-05-13T08:07:29","slug":"outdoor-home","status":"publish","type":"page","link":"https:\/\/bebypreeminence.com\/it\/collections\/furniture\/outdoor-home\/","title":{"rendered":"Outdoor Home"},"content":{"rendered":"<div class=\"grid-container grid-parent\">\n<div class=\"grid 100 grid-parent custom-header\" style=\"background-image: url('https:\/\/bebypreeminence.com\/wp-content\/uploads\/2019\/04\/outdoor_gazebo_collection_outdoor_bebyitaly_1920x1080.jpg')\">\n<div class=\"custom-header-text\">\n<h1 style=\"color: #ffffff; text-shadow: 1px 1px #333333\">OUTDOOR &#8220;HOME&#8221;<\/h1>\n<h2 style=\"color: #ffffff; text-shadow: 1px 1px #333333\">Un&#8217;esperienza esclusiva di bellezza, praticit\u00e0 e stile di vita<\/h2>\n<\/div>\n<\/div>\n<\/div>\n<div class=\"grid-container\" style=\"text-align: left\">\n<div class=\"grid-60 push-20\" style=\"padding-top: 50px\">\n<h4><b>Praticit\u00e0, stile e qualit\u00e0 artigianale<\/b><\/h4>\n<h4>Grazie alle tecnologie pi\u00f9 avanzate, all\u2019accurata selezione delle materie prime e alla lavorazione artigianale, gli elementi di arredo outdoor Beby Italy sono in grado di resistere anche alle condizioni ambientali pi\u00f9 estreme. Il trionfo, l\u2019emozione e la maestosit\u00e0 delle creazioni di design progettate appositamente per l\u2019ambiente esterno, mudulari e dotati di maniglie che ne agevolano lo spostamento e il trasporto, comprendono gazebi, tavolini, strutture con tessuti e corpi illuminanti.<\/h4>\n<h4><em>Design by Silvia Broggian<\/em><\/h4>\n<\/div>\n<div class=\"grid-60 push-20\" style=\"padding: 30px 0 30px 0\">\n    <img decoding=\"async\" loading=\"lazy\" src=\"https:\/\/bebypreeminence.com\/wp-content\/uploads\/2019\/03\/frame.png\" alt=\"\" width=\"1080\" height=\"35\" class=\"aligncenter size-full wp-image-400\" srcset=\"https:\/\/bebypreeminence.com\/wp-content\/uploads\/2019\/03\/frame.png 1080w, https:\/\/bebypreeminence.com\/wp-content\/uploads\/2019\/03\/frame-300x10.png 300w, https:\/\/bebypreeminence.com\/wp-content\/uploads\/2019\/03\/frame-768x25.png 768w, https:\/\/bebypreeminence.com\/wp-content\/uploads\/2019\/03\/frame-1024x33.png 1024w\" sizes=\"(max-width: 1080px) 100vw, 1080px\" \/><\/div>\n<\/div>\n<div class=\"grid-container grid-parent\" style=\"text-align: center\">\n<div class=\"grid-100 grid-parent\" style=\"padding: 10px 0\">\n<style type='text\/css'>#cbpw-wrap70 {margin:0px 0px 0px 0px;}#cbpw-grid70 .cbp-l-caption-title {color:#333333;background-color:transparent;font-size:16px;font-family:Open Sans;font-weight:400;font-style:normal;line-height:21px;text-align:center;padding:0px 0px 0px 0px;margin:0px 0px 0px 0px;text-transform:none;}#cbpw-grid70 .cbp-l-caption-desc {color:333333;background-color:transparent;font-size:12px;font-family:Open Sans;font-weight:400;font-style:normal;line-height:16px;text-align:center;padding:0px 0px 0px 0px;margin:0px 0px 0px 0px;text-transform:none;}#cbpw-grid70 .cbp-caption-activeWrap {background-color:#f7f7f7;}#cbpw-loadMore70 .cbp-l-loadMore-link {color:#7E7B7B;background-color:transparent;border-width:1px 1px 1px 1px;border-style:solid;border-color:#DEDEDE;font-size:12px;font-family:Open Sans,sans-serif;font-weight:400;font-style:normal;line-height:34px;text-align:center;padding:0px 30px 0px 30px;margin:40px 0px 0px 0px;text-transform:none;}#cbpw-loadMore70 .cbp-l-loadMore-link:hover {color:#B0B0B0;background-color:transparent;border-width:1px 1px 1px 1px;border-style:solid;border-color:#DEDEDE;font-size:12px;font-family:Open Sans,sans-serif;font-weight:400;font-style:normal;line-height:34px;text-align:center;padding:0px 30px 0px 30px;margin:40px 0px 0px 0px;text-transform:none;}#cbpw-loadMore70 .cbp-l-loadMore-loading {color:#B0B0B0;background-color:transparent;border-width:1px 1px 1px 1px;border-style:solid;border-color:#DEDEDE;font-size:12px;font-family:Open Sans,sans-serif;font-weight:400;font-style:normal;line-height:34px;text-align:center;padding:0px 30px 0px 30px;margin:40px 0px 0px 0px;text-transform:none;}#cbpw-loadMore70 .cbp-l-loadMore-loading:hover {color:#B0B0B0;background-color:transparent;border-width:1px 1px 1px 1px;border-style:solid;border-color:#DEDEDE;font-size:12px;font-family:Open Sans,sans-serif;font-weight:400;font-style:normal;line-height:34px;text-align:center;padding:0px 30px 0px 30px;margin:40px 0px 0px 0px;text-transform:none;}#cbpw-loadMore70 .cbp-l-loadMore-stop {color:#B0B0B0;background-color:transparent;border-width:1px 1px 1px 1px;border-style:solid;border-color:#DEDEDE;font-size:12px;font-family:Open Sans,sans-serif;font-weight:400;font-style:normal;line-height:34px;text-align:center;padding:0px 30px 0px 30px;margin:40px 0px 0px 0px;text-transform:none;}#cbpw-loadMore70 .cbp-l-loadMore-stop:hover {color:#B0B0B0;background-color:transparent;border-width:1px 1px 1px 1px;border-style:solid;border-color:#DEDEDE;font-size:12px;font-family:Open Sans,sans-serif;font-weight:400;font-style:normal;line-height:34px;text-align:center;padding:0px 30px 0px 30px;margin:40px 0px 0px 0px;text-transform:none;}#cbpw-singlePage70 .cbp-popup-navigation-wrap {background-color:#3D4750;}#cbpw-singlePage70 .cbp-popup-singlePage-counter {color:#fff;font-size:13px;font-family:Open Sans;font-weight:400;font-style:normal;}<\/style><link rel=\"stylesheet\" href=\"\/\/fonts.googleapis.com\/css?family=Open+Sans:400normal\" type=\"text\/css\" media=\"all\" property=\"stylesheet\"><div id=\"cbpw-wrap70\"><div id=\"cbpw-grid70\" class=\"cbp-l-grid-masonry cbp \"><div><div class=\"cbp-item identity\"><a href=\"https:\/\/bebypreeminence.com\/wp-content\/uploads\/2019\/04\/outdoor_gazebo_red_white_collection_outdoor_bebyitaly_640x640.jpg\" class=\"cbp-caption cbp-lightbox\"><div class=\"cbp-caption-defaultWrap\"><img src=\"https:\/\/bebypreeminence.com\/wp-content\/uploads\/2019\/04\/outdoor_gazebo_red_white_collection_outdoor_bebyitaly_640x640.jpg\" alt=\"\"><\/div><div class=\"cbp-caption-activeWrap\"><div class=\"cbp-l-caption-alignCenter\"><div class=\"cbp-l-caption-body\"><div class=\"cbp-l-caption-title\">Outdoor - AZALEA Low table<\/div><div class=\"cbp-l-caption-desc\">Art: <b>0127T02<\/b> (D. 90 cm - H. 38 cm)<\/div><\/div><\/div><\/div><\/a><\/div><div class=\"cbp-item identity\"><a href=\"https:\/\/bebypreeminence.com\/wp-content\/uploads\/2019\/04\/outdoor_armchair_white_collection_outdoor_bebyitaly_640x640.jpg\" class=\"cbp-caption cbp-lightbox\"><div class=\"cbp-caption-defaultWrap\"><img src=\"https:\/\/bebypreeminence.com\/wp-content\/uploads\/2019\/04\/outdoor_armchair_white_collection_outdoor_bebyitaly_640x640.jpg\" alt=\"\"><\/div><div class=\"cbp-caption-activeWrap\"><div class=\"cbp-l-caption-alignCenter\"><div class=\"cbp-l-caption-body\"><div class=\"cbp-l-caption-title\">Outdoor - View<\/div><div class=\"cbp-l-caption-desc\">Example of living room location<\/div><\/div><\/div><\/div><\/a><\/div><div class=\"cbp-item identity\"><a href=\"https:\/\/bebypreeminence.com\/wp-content\/uploads\/2019\/04\/outdoor_gazebo_collection_outdoor_bebyitaly_640x640.jpg\" class=\"cbp-caption cbp-lightbox\"><div class=\"cbp-caption-defaultWrap\"><img src=\"https:\/\/bebypreeminence.com\/wp-content\/uploads\/2019\/04\/outdoor_gazebo_collection_outdoor_bebyitaly_640x640.jpg\" alt=\"\"><\/div><div class=\"cbp-caption-activeWrap\"><div class=\"cbp-l-caption-alignCenter\"><div class=\"cbp-l-caption-body\"><div class=\"cbp-l-caption-title\">Outdoor - NINFEA Gazebo<\/div><div class=\"cbp-l-caption-desc\">Art: <b>0127Z02<\/b> (L. 210 cm - W. 210 cm H. 275 cm)<\/div><\/div><\/div><\/div><\/a><\/div><div class=\"cbp-item identity\"><a href=\"https:\/\/bebypreeminence.com\/wp-content\/uploads\/2021\/07\/0127Z04_agave_vase_planter_metal_black_outdoor_collection_beby_italy_.jpg\" class=\"cbp-caption cbp-lightbox\"><div class=\"cbp-caption-defaultWrap\"><img src=\"https:\/\/bebypreeminence.com\/wp-content\/uploads\/2021\/07\/0127Z04_agave_vase_planter_metal_black_outdoor_collection_beby_italy_.jpg\" alt=\"\"><\/div><div class=\"cbp-caption-activeWrap\"><div class=\"cbp-l-caption-alignCenter\"><div class=\"cbp-l-caption-body\"><div class=\"cbp-l-caption-title\">Outdoor - AGAVE VASE<\/div><div class=\"cbp-l-caption-desc\">Art: <b>0127Z04<\/b> (42x42 cm - H. 90 cm)<\/div><\/div><\/div><\/div><\/a><\/div><div class=\"cbp-item identity\"><a href=\"https:\/\/bebypreeminence.com\/wp-content\/uploads\/2021\/07\/glass_mosaic_swimming_pool_collection_outdoot-projects_bebyitaly_640x640.jpg\" class=\"cbp-caption cbp-lightbox\"><div class=\"cbp-caption-defaultWrap\"><img src=\"https:\/\/bebypreeminence.com\/wp-content\/uploads\/2021\/07\/glass_mosaic_swimming_pool_collection_outdoot-projects_bebyitaly_640x640.jpg\" alt=\"\"><\/div><div class=\"cbp-caption-activeWrap\"><div class=\"cbp-l-caption-alignCenter\"><div class=\"cbp-l-caption-body\"><div class=\"cbp-l-caption-title\">Beby Italy Pool Mosaic<\/div><div class=\"cbp-l-caption-desc\">Bespoke Glass Tile Mosaic<\/div><\/div><\/div><\/div><\/a><\/div><div class=\"cbp-item identity\"><a href=\"https:\/\/bebypreeminence.com\/wp-content\/uploads\/2021\/07\/garden_lantern_outdoor_collection_beby_italy_640x640.jpg\" class=\"cbp-caption cbp-lightbox\"><div class=\"cbp-caption-defaultWrap\"><img src=\"https:\/\/bebypreeminence.com\/wp-content\/uploads\/2021\/07\/garden_lantern_outdoor_collection_beby_italy_640x640.jpg\" alt=\"\"><\/div><div class=\"cbp-caption-activeWrap\"><div class=\"cbp-l-caption-alignCenter\"><div class=\"cbp-l-caption-body\"><div class=\"cbp-l-caption-title\">Garden Lantern Vagalume candle holder<\/div><div class=\"cbp-l-caption-desc\"><p>Art: <b>0127D01<\/b> (22x22 cm - H. 50 cm)\n<\/p>\n<p>Art: <b>0127D02<\/b> (22x22 cm - H. 70 cm)\n<\/p>\n<p>Art: <b>0127D03<\/b> (22x22 cm - H. 90 cm)\n<\/p><\/div><\/div><\/div><\/div><\/a><\/div><\/div><\/div><\/div><script type=\"text\/javascript\">this.initCubePortfolio =  this.initCubePortfolio || []; this.initCubePortfolio.push({id: 70, options: {\"filters\":\"\",\"search\":\"\",\"layoutMode\":\"mosaic\",\"sortByDimension\":false,\"drag\":true,\"auto\":false,\"autoTimeout\":5000,\"autoPauseOnHover\":true,\"showNavigation\":true,\"showPagination\":true,\"rewindNav\":true,\"scrollByPage\":false,\"defaultFilter\":\"*\",\"filterDeeplinking\":false,\"animationType\":\"slideDelay\",\"gridAdjustment\":\"responsive\",\"mediaQueries\":[{\"width\":1400,\"cols\":3},{\"width\":1170,\"cols\":3},{\"width\":1024,\"cols\":3},{\"width\":960,\"cols\":3},{\"width\":778,\"cols\":3},{\"width\":640,\"cols\":1},{\"width\":480,\"cols\":1}],\"gapHorizontal\":60,\"gapVertical\":0,\"caption\":\"overlayBottomAlong\",\"displayType\":\"bottomToTop\",\"displayTypeSpeed\":100,\"lightboxDelegate\":\".cbp-lightbox\",\"lightboxGallery\":true,\"lightboxTitleSrc\":\"data-title\",\"lightboxCounter\":\"<div class=\\\"cbp-popup-lightbox-counter\\\">{{current}} of {{total}}<\/div>\",\"singlePageDelegate\":\".cbp-singlePage\",\"singlePageDeeplinking\":true,\"singlePageStickyNavigation\":true,\"singlePageCounter\":\"<div class=\\\"cbp-popup-singlePage-counter\\\">{{current}} of {{total}}<\/div>\",\"singlePageAnimation\":\"left\",\"singlePageInlineDelegate\":\".cbp-singlePageInline\",\"singlePageInlineDeeplinking\":false,\"singlePageInlinePosition\":\"above\",\"singlePageInlineInFocus\":true,\"plugins\":{\"loadMore\":{\"element\":\"#cbpw-loadMore70\",\"loadItems\":3}},\"loadMore\":\"\",\"displayItemsLoadMore\":3,\"coverRatio\":\"\"}});<\/script>\n<\/div>\n<\/div>\n<div class=\"grid-container\" style=\"text-align: center\">\n<div class=\"grid-60 push-20\" style=\"padding: 50px 0 30px 0\">\n    <img decoding=\"async\" loading=\"lazy\" src=\"https:\/\/bebypreeminence.com\/wp-content\/uploads\/2019\/03\/frame.png\" alt=\"\" width=\"1080\" height=\"35\" class=\"aligncenter size-full wp-image-400\" srcset=\"https:\/\/bebypreeminence.com\/wp-content\/uploads\/2019\/03\/frame.png 1080w, https:\/\/bebypreeminence.com\/wp-content\/uploads\/2019\/03\/frame-300x10.png 300w, https:\/\/bebypreeminence.com\/wp-content\/uploads\/2019\/03\/frame-768x25.png 768w, https:\/\/bebypreeminence.com\/wp-content\/uploads\/2019\/03\/frame-1024x33.png 1024w\" sizes=\"(max-width: 1080px) 100vw, 1080px\" \/>\n<\/div>\n<div class=\"clear\"><\/div>\n<div class=\"grid-100\" style=\"padding: 50px 0 30px 0\">\n<h4><b>Catalogo della collezione &#8220;Outdoor Home&#8221;<br \/>richiedi al nostro back office<\/b><\/h4>\n<p>    <button class=\"info\"><a href=\"https:\/\/bebypreeminence.com\/it\/catalog-request\/\" style=\"color:#ffffff\" target=\"_self\">INVIA RICHIESTA<\/a><\/button>\n  <\/div>\n<\/div>\n","protected":false},"excerpt":{"rendered":"<p>OUTDOOR &#8220;HOME&#8221; Un&#8217;esperienza esclusiva di bellezza, praticit\u00e0 e stile di vita Praticit\u00e0, stile e qualit\u00e0 artigianale Grazie alle tecnologie pi\u00f9 avanzate, all\u2019accurata selezione delle materie prime e alla lavorazione artigianale, gli elementi di arredo outdoor Beby Italy sono in grado di resistere anche alle condizioni ambientali pi\u00f9 estreme. Il trionfo, l\u2019emozione e la maestosit\u00e0 delle &#8230; <a title=\"Outdoor Home\" class=\"read-more\" href=\"https:\/\/bebypreeminence.com\/it\/collections\/furniture\/outdoor-home\/\">Read more<\/a><\/p>\n","protected":false},"author":1,"featured_media":0,"parent":99,"menu_order":12,"comment_status":"closed","ping_status":"closed","template":"","meta":{"footnotes":""},"aioseo_notices":[],"_links":{"self":[{"href":"https:\/\/bebypreeminence.com\/it\/wp-json\/wp\/v2\/pages\/2232"}],"collection":[{"href":"https:\/\/bebypreeminence.com\/it\/wp-json\/wp\/v2\/pages"}],"about":[{"href":"https:\/\/bebypreeminence.com\/it\/wp-json\/wp\/v2\/types\/page"}],"author":[{"embeddable":true,"href":"https:\/\/bebypreeminence.com\/it\/wp-json\/wp\/v2\/users\/1"}],"replies":[{"embeddable":true,"href":"https:\/\/bebypreeminence.com\/it\/wp-json\/wp\/v2\/comments?post=2232"}],"version-history":[{"count":0,"href":"https:\/\/bebypreeminence.com\/it\/wp-json\/wp\/v2\/pages\/2232\/revisions"}],"up":[{"embeddable":true,"href":"https:\/\/bebypreeminence.com\/it\/wp-json\/wp\/v2\/pages\/99"}],"wp:attachment":[{"href":"https:\/\/bebypreeminence.com\/it\/wp-json\/wp\/v2\/media?parent=2232"}],"curies":[{"name":"wp","href":"https:\/\/api.w.org\/{rel}","templated":true}]}}