{"id":2008,"date":"2019-04-10T08:59:32","date_gmt":"2019-04-10T06:59:32","guid":{"rendered":""},"modified":"2023-10-04T13:47:39","modified_gmt":"2023-10-04T11:47:39","slug":"diadema","status":"publish","type":"page","link":"https:\/\/bebypreeminence.com\/it\/collections\/lighting\/diadema\/","title":{"rendered":"Diadema"},"content":{"rendered":"<div class=\"grid-container grid-parent\">\n<div class=\"grid 100 grid-parent custom-header\" style=\"background-image: url('https:\/\/bebypreeminence.com\/wp-content\/uploads\/2019\/04\/chandelier_crystal_glass_yellow_collection_diadema_diluce_bebyitaly_1920x1080.jpg');\">\n<div class=\"custom-header-text\">\n<h1 style=\"color: #ffffff; text-shadow: 1px 1px #333333;\">DIADEMA<\/h1>\n<h2 style=\"color: #ffffff; text-shadow: 1px 1px #333333;\">Linee avvolgenti, volumi ellittici e colori energici<\/h2>\n<\/div>\n<\/div>\n<\/div>\n<div class=\"grid-container\" style=\"text-align: left;\">\n<div class=\"grid-60 push-20\" style=\"padding-top: 50px; border-bottom: 1px solid #cccccc;\">\n<h4><b>Modernit\u00e0 e leggerezza delle forme<\/b><\/h4>\n<h4>La collezione Diadema \u00e8 pervasa da accenti e sfumature essenziali, nella pulizia stilistica delle geometrie disegnate, che si arricchiscono di ritmo e movimento grazie alla profonda dinamicit\u00e0 delle linee avvolgenti e sinuose. Uno stile votato a rigorosi ideali di modernit\u00e0 che si traduce in creazioni di illuminazione dal design ergonomico, in cui il vetro di Murano specchiato \u00e8 percorso da affascinanti spirali ed impreziosito da volumi ellittici che amplificano la leggerezza delle strutture e dei sottili elementi di sostegno. Chandelier e applique dotate di tecnologia a doppia accensione in grado di valorizzare l\u2019energia e la forza del colore, coordinate con il tavolino e la chaise longue dalle linee tondeggianti, proposte in raffinate varianti cromatiche a contrasto per enfatizzare l\u2019armonia delle tinte chiare e dei ricercati abbinamenti tono su tono.<\/h4>\n<h4><em>Design by Silvia Broggian<\/em><\/h4>\n<\/div>\n<div class=\"grid-60 push-20\" style=\"padding-top: 50px;\">\n<p>Personalizzazioni per questa collezione:<\/p>\n<p style=\"text-align: left;\"><b>&#8211; Colore del vetro di Murano:<\/b> <a href=\"https:\/\/bebypreeminence.com\/it\/colors-and-materials-palette\/#murano\">vedi la palette dei colori<\/a><br \/>\n<b>&#8211; Finitura metallo:<\/b> <a href=\"https:\/\/bebypreeminence.com\/it\/colors-and-materials-palette\/#metal\">vedi la palette dei colori<\/a><\/p>\n<\/div>\n<div class=\"clear\"><\/div>\n<div class=\"grid-60 push-20\" style=\"padding-top: 10px;\">\n<p style=\"text-align: left; font-size: 16px;\"><a href=\"https:\/\/bebypreeminence.com\/wp-content\/uploads\/2023\/10\/diadema_scheda_tecnica.pdf\" target=\"_blank\" rel=\"noopener\"><img decoding=\"async\" loading=\"lazy\" class=\"alignnone\" src=\"https:\/\/bebypreeminence.com\/wp-content\/uploads\/2019\/12\/pdf_gold_32px.png\" alt=\"\" width=\"32\" height=\"32\" border=\"0\" \/><\/a> <b>SCOPRI I DETTAGLI TECNICI DELL\u2019INTERA COLLEZIONE<\/b><\/p>\n<\/div>\n<div class=\"clear\"><\/div>\n<div class=\"grid-60 push-20\" style=\"padding: 50px 0 30px 0;\"><img decoding=\"async\" loading=\"lazy\" class=\"aligncenter size-full wp-image-400\" src=\"https:\/\/bebypreeminence.com\/wp-content\/uploads\/2019\/03\/frame.png\" alt=\"\" width=\"1080\" height=\"35\" srcset=\"https:\/\/bebypreeminence.com\/wp-content\/uploads\/2019\/03\/frame.png 1080w, https:\/\/bebypreeminence.com\/wp-content\/uploads\/2019\/03\/frame-300x10.png 300w, https:\/\/bebypreeminence.com\/wp-content\/uploads\/2019\/03\/frame-768x25.png 768w, https:\/\/bebypreeminence.com\/wp-content\/uploads\/2019\/03\/frame-1024x33.png 1024w\" sizes=\"(max-width: 1080px) 100vw, 1080px\" \/><\/div>\n<\/div>\n<div class=\"grid-container grid-parent\" style=\"text-align: center;\">\n<div class=\"grid-100 grid-parent\" style=\"padding: 10px 0;\"><style type='text\/css'>#cbpw-wrap59 {margin:0px 0px 0px 0px;}#cbpw-grid59 .cbp-l-caption-title {color:#333333;background-color:transparent;font-size:16px;font-family:Open Sans;font-weight:400;font-style:normal;line-height:21px;text-align:center;padding:0px 0px 0px 0px;margin:0px 0px 0px 0px;text-transform:none;}#cbpw-grid59 .cbp-l-caption-desc {color:333333;background-color:transparent;font-size:12px;font-family:Open Sans;font-weight:400;font-style:normal;line-height:16px;text-align:center;padding:0px 0px 0px 0px;margin:0px 0px 0px 0px;text-transform:none;}#cbpw-grid59 .cbp-caption-activeWrap {background-color:#f7f7f7;}#cbpw-loadMore59 .cbp-l-loadMore-link {color:#7E7B7B;background-color:transparent;border-width:1px 1px 1px 1px;border-style:solid;border-color:#DEDEDE;font-size:12px;font-family:Open Sans,sans-serif;font-weight:400;font-style:normal;line-height:34px;text-align:center;padding:0px 30px 0px 30px;margin:40px 0px 0px 0px;text-transform:none;}#cbpw-loadMore59 .cbp-l-loadMore-link:hover {color:#B0B0B0;background-color:transparent;border-width:1px 1px 1px 1px;border-style:solid;border-color:#DEDEDE;font-size:12px;font-family:Open Sans,sans-serif;font-weight:400;font-style:normal;line-height:34px;text-align:center;padding:0px 30px 0px 30px;margin:40px 0px 0px 0px;text-transform:none;}#cbpw-loadMore59 .cbp-l-loadMore-loading {color:#B0B0B0;background-color:transparent;border-width:1px 1px 1px 1px;border-style:solid;border-color:#DEDEDE;font-size:12px;font-family:Open Sans,sans-serif;font-weight:400;font-style:normal;line-height:34px;text-align:center;padding:0px 30px 0px 30px;margin:40px 0px 0px 0px;text-transform:none;}#cbpw-loadMore59 .cbp-l-loadMore-loading:hover {color:#B0B0B0;background-color:transparent;border-width:1px 1px 1px 1px;border-style:solid;border-color:#DEDEDE;font-size:12px;font-family:Open Sans,sans-serif;font-weight:400;font-style:normal;line-height:34px;text-align:center;padding:0px 30px 0px 30px;margin:40px 0px 0px 0px;text-transform:none;}#cbpw-loadMore59 .cbp-l-loadMore-stop {color:#B0B0B0;background-color:transparent;border-width:1px 1px 1px 1px;border-style:solid;border-color:#DEDEDE;font-size:12px;font-family:Open Sans,sans-serif;font-weight:400;font-style:normal;line-height:34px;text-align:center;padding:0px 30px 0px 30px;margin:40px 0px 0px 0px;text-transform:none;}#cbpw-loadMore59 .cbp-l-loadMore-stop:hover {color:#B0B0B0;background-color:transparent;border-width:1px 1px 1px 1px;border-style:solid;border-color:#DEDEDE;font-size:12px;font-family:Open Sans,sans-serif;font-weight:400;font-style:normal;line-height:34px;text-align:center;padding:0px 30px 0px 30px;margin:40px 0px 0px 0px;text-transform:none;}#cbpw-singlePage59 .cbp-popup-navigation-wrap {background-color:#3D4750;}#cbpw-singlePage59 .cbp-popup-singlePage-counter {color:#fff;font-size:13px;font-family:Open Sans;font-weight:400;font-style:normal;}<\/style><link rel=\"stylesheet\" href=\"\/\/fonts.googleapis.com\/css?family=Open+Sans:400normal\" type=\"text\/css\" media=\"all\" property=\"stylesheet\"><div id=\"cbpw-wrap59\"><div id=\"cbpw-grid59\" class=\"cbp-l-grid-masonry cbp \"><div><div class=\"cbp-item identity\"><a href=\"https:\/\/bebypreeminence.com\/wp-content\/uploads\/2019\/04\/table_lamp_crystal_glass_yellow_collection_diadema_diluce_bebyitaly_640x640.jpg\" class=\"cbp-caption cbp-lightbox\"><div class=\"cbp-caption-defaultWrap\"><img src=\"https:\/\/bebypreeminence.com\/wp-content\/uploads\/2019\/04\/table_lamp_crystal_glass_yellow_collection_diadema_diluce_bebyitaly_640x640.jpg\" alt=\"\"><\/div><div class=\"cbp-caption-activeWrap\"><div class=\"cbp-l-caption-alignCenter\"><div class=\"cbp-l-caption-body\"><div class=\"cbp-l-caption-title\">Diadema - Table Lamp<\/div><div class=\"cbp-l-caption-desc\">Art: <b>5450L03<\/b> (D. 30 cm - H. 42 cm)<\/div><\/div><\/div><\/div><\/a><\/div><div class=\"cbp-item identity\"><a href=\"https:\/\/bebypreeminence.com\/wp-content\/uploads\/2019\/04\/chandelier_crystal_glass_yellow_collection_diadema_diluce_bebyitaly_640x640.jpg\" class=\"cbp-caption cbp-lightbox\"><div class=\"cbp-caption-defaultWrap\"><img src=\"https:\/\/bebypreeminence.com\/wp-content\/uploads\/2019\/04\/chandelier_crystal_glass_yellow_collection_diadema_diluce_bebyitaly_640x640.jpg\" alt=\"\"><\/div><div class=\"cbp-caption-activeWrap\"><div class=\"cbp-l-caption-alignCenter\"><div class=\"cbp-l-caption-body\"><div class=\"cbp-l-caption-title\">Diadema - Chandelier<\/div><div class=\"cbp-l-caption-desc\">Art: <b>5450B01<\/b> (D. 120 cm - H. 158 cm)<\/div><\/div><\/div><\/div><\/a><\/div><div class=\"cbp-item identity\"><a href=\"https:\/\/bebypreeminence.com\/wp-content\/uploads\/2019\/04\/chandelier_crystal_glass_yellow_collection_diadema_diluce_bebyitaly_01_640x640.jpg\" class=\"cbp-caption cbp-lightbox\"><div class=\"cbp-caption-defaultWrap\"><img src=\"https:\/\/bebypreeminence.com\/wp-content\/uploads\/2019\/04\/chandelier_crystal_glass_yellow_collection_diadema_diluce_bebyitaly_01_640x640.jpg\" alt=\"\"><\/div><div class=\"cbp-caption-activeWrap\"><div class=\"cbp-l-caption-alignCenter\"><div class=\"cbp-l-caption-body\"><div class=\"cbp-l-caption-title\">Diadema - Detail<\/div><div class=\"cbp-l-caption-desc\">Processing and shape of Murano glass<\/div><\/div><\/div><\/div><\/a><\/div><\/div><\/div><\/div><script type=\"text\/javascript\">this.initCubePortfolio =  this.initCubePortfolio || []; this.initCubePortfolio.push({id: 59, options: {\"filters\":\"\",\"search\":\"\",\"layoutMode\":\"mosaic\",\"sortByDimension\":false,\"drag\":true,\"auto\":false,\"autoTimeout\":5000,\"autoPauseOnHover\":true,\"showNavigation\":true,\"showPagination\":true,\"rewindNav\":true,\"scrollByPage\":false,\"defaultFilter\":\"*\",\"filterDeeplinking\":false,\"animationType\":\"slideDelay\",\"gridAdjustment\":\"responsive\",\"mediaQueries\":[{\"width\":1400,\"cols\":3},{\"width\":1170,\"cols\":3},{\"width\":1024,\"cols\":3},{\"width\":960,\"cols\":3},{\"width\":778,\"cols\":3},{\"width\":640,\"cols\":1},{\"width\":480,\"cols\":1}],\"gapHorizontal\":60,\"gapVertical\":0,\"caption\":\"overlayBottomAlong\",\"displayType\":\"bottomToTop\",\"displayTypeSpeed\":100,\"lightboxDelegate\":\".cbp-lightbox\",\"lightboxGallery\":true,\"lightboxTitleSrc\":\"data-title\",\"lightboxCounter\":\"<div class=\\\"cbp-popup-lightbox-counter\\\">{{current}} of {{total}}<\/div>\",\"singlePageDelegate\":\".cbp-singlePage\",\"singlePageDeeplinking\":true,\"singlePageStickyNavigation\":true,\"singlePageCounter\":\"<div class=\\\"cbp-popup-singlePage-counter\\\">{{current}} of {{total}}<\/div>\",\"singlePageAnimation\":\"left\",\"singlePageInlineDelegate\":\".cbp-singlePageInline\",\"singlePageInlineDeeplinking\":false,\"singlePageInlinePosition\":\"above\",\"singlePageInlineInFocus\":true,\"plugins\":{\"loadMore\":{\"element\":\"#cbpw-loadMore59\",\"loadItems\":3}},\"loadMore\":\"\",\"displayItemsLoadMore\":3,\"coverRatio\":\"\"}});<\/script><\/div>\n<\/div>\n<div class=\"grid-container\" style=\"text-align: center;\">\n<div class=\"grid-60 push-20\" style=\"padding: 50px 0 30px 0;\"><img decoding=\"async\" loading=\"lazy\" class=\"aligncenter size-full wp-image-400\" src=\"https:\/\/bebypreeminence.com\/wp-content\/uploads\/2019\/03\/frame.png\" alt=\"\" width=\"1080\" height=\"35\" srcset=\"https:\/\/bebypreeminence.com\/wp-content\/uploads\/2019\/03\/frame.png 1080w, https:\/\/bebypreeminence.com\/wp-content\/uploads\/2019\/03\/frame-300x10.png 300w, https:\/\/bebypreeminence.com\/wp-content\/uploads\/2019\/03\/frame-768x25.png 768w, https:\/\/bebypreeminence.com\/wp-content\/uploads\/2019\/03\/frame-1024x33.png 1024w\" sizes=\"(max-width: 1080px) 100vw, 1080px\" \/><\/div>\n<div class=\"clear\"><\/div>\n<div class=\"grid-100\" style=\"padding: 50px 0 30px 0;\">\n<h4><b>Catalogo della collezione &#8220;Diadema&#8221;<br \/>\nrichiedi al nostro back office<\/b><\/h4>\n<p><button class=\"info\"><a style=\"color: #ffffff;\" href=\"https:\/\/bebypreeminence.com\/it\/catalog-request\/\" target=\"_self\" rel=\"noopener\">INVIA RICHIESTA<\/a><\/button><\/p>\n<\/div>\n<\/div>\n","protected":false},"excerpt":{"rendered":"<p>DIADEMA Linee avvolgenti, volumi ellittici e colori energici Modernit\u00e0 e leggerezza delle forme La collezione Diadema \u00e8 pervasa da accenti e sfumature essenziali, nella pulizia stilistica delle geometrie disegnate, che si arricchiscono di ritmo e movimento grazie alla profonda dinamicit\u00e0 delle linee avvolgenti e sinuose. Uno stile votato a rigorosi ideali di modernit\u00e0 che si &#8230; <a title=\"Diadema\" class=\"read-more\" href=\"https:\/\/bebypreeminence.com\/it\/collections\/lighting\/diadema\/\">Read more<\/a><\/p>\n","protected":false},"author":1,"featured_media":0,"parent":97,"menu_order":49,"comment_status":"closed","ping_status":"closed","template":"","meta":{"footnotes":""},"aioseo_notices":[],"_links":{"self":[{"href":"https:\/\/bebypreeminence.com\/it\/wp-json\/wp\/v2\/pages\/2008"}],"collection":[{"href":"https:\/\/bebypreeminence.com\/it\/wp-json\/wp\/v2\/pages"}],"about":[{"href":"https:\/\/bebypreeminence.com\/it\/wp-json\/wp\/v2\/types\/page"}],"author":[{"embeddable":true,"href":"https:\/\/bebypreeminence.com\/it\/wp-json\/wp\/v2\/users\/1"}],"replies":[{"embeddable":true,"href":"https:\/\/bebypreeminence.com\/it\/wp-json\/wp\/v2\/comments?post=2008"}],"version-history":[{"count":3,"href":"https:\/\/bebypreeminence.com\/it\/wp-json\/wp\/v2\/pages\/2008\/revisions"}],"predecessor-version":[{"id":9877,"href":"https:\/\/bebypreeminence.com\/it\/wp-json\/wp\/v2\/pages\/2008\/revisions\/9877"}],"up":[{"embeddable":true,"href":"https:\/\/bebypreeminence.com\/it\/wp-json\/wp\/v2\/pages\/97"}],"wp:attachment":[{"href":"https:\/\/bebypreeminence.com\/it\/wp-json\/wp\/v2\/media?parent=2008"}],"curies":[{"name":"wp","href":"https:\/\/api.w.org\/{rel}","templated":true}]}}