{"id":1859,"date":"2019-04-05T14:00:42","date_gmt":"2019-04-05T12:00:42","guid":{"rendered":""},"modified":"2023-10-05T12:04:05","modified_gmt":"2023-10-05T10:04:05","slug":"privilege","status":"publish","type":"page","link":"https:\/\/bebypreeminence.com\/it\/collections\/lighting\/privilege\/","title":{"rendered":"Privil\u00e8ge"},"content":{"rendered":"<div class=\"grid-container grid-parent\">\n<div class=\"grid 100 grid-parent custom-header\" style=\"background-image: url('https:\/\/bebypreeminence.com\/wp-content\/uploads\/2019\/04\/chandelier_crystal_gold_transparent_collection_privilege_bebyitaly_1920x1080.jpg');\">\n<div class=\"custom-header-text\">\n<h1 style=\"color: #ffffff; text-shadow: 1px 1px #333333;\">PRIVIL\u00c8GE<\/h1>\n<h2 style=\"color: #ffffff; text-shadow: 1px 1px #333333;\">Giovane, dinamica e moderna<\/h2>\n<\/div>\n<\/div>\n<\/div>\n<div class=\"grid-container\" style=\"text-align: left;\">\n<div class=\"grid-60 push-20\" style=\"padding-top: 50px; border-bottom: 1px solid #cccccc;\">\n<h4><b>Esaltazione del colore, per ambienti giovani, dinamici e moderni<\/b><\/h4>\n<h4>Interamente votata all\u2019esaltazione della straordinaria energia dei colori, la collezione Privil\u00e8ge \u00e8 dedicata ad ambienti giovani, dinamici e moderni, ed \u00e8 stata progettata seguendo i dettami del design modulare che permette di personalizzare il numero di luci, e conseguentemente la dimensione di ogni singola creazione, per adattarla alle pi\u00f9 variegate soluzioni architettoniche. Un design lineare e profondamente attuale che si arricchisce di espressivit\u00e0 nell\u2019accostamento tra la struttura centrale in metallo cromato o oro chiaro ed i listelli in vetro di Murano colorato, completati con la tecnologia brevettata HidIN\u2019, in grado di offrire una impareggiabile scelta di colorazioni e combinazioni cromatiche abbinate ai pendenti Beby Crystals. Elementi decorativi di grande fascino che, nell\u2019elegante abbinamento con i dischi dei portalampada in metallo con emblema Beby finemente inciso, simboleggiano l\u2019attenzione e la cura per i dettagli costruttivi, funzionali ed ornamentali.<\/h4>\n<h4><em>Design by Silvia Broggian<\/em><\/h4>\n<\/div>\n<div class=\"grid-60 push-20\" style=\"padding-top: 50px;\">\n<p>Personalizzazioni per questa collezione:<\/p>\n<p style=\"text-align: left;\"><b>&#8211; Colore del cristallo Beby Crystal:<\/b> <a href=\"https:\/\/bebypreeminence.com\/it\/colors-and-materials-palette\/#crystal\">vedi la palette dei colori<\/a><br \/>\n<b>&#8211; Colore del Beby Pendant:<\/b> <a href=\"https:\/\/bebypreeminence.com\/it\/colors-and-materials-palette\/#pendant\">vai la palette dei colori<\/a><br \/>\n<b>&#8211; Colore del vetro di Murano:<\/b> <a href=\"https:\/\/bebypreeminence.com\/it\/colors-and-materials-palette\/#murano\">vedi la palette dei colori<\/a><br \/>\n<b>&#8211; Finitura metallo:<\/b> <a href=\"https:\/\/bebypreeminence.com\/it\/colors-and-materials-palette\/#metal\">vedi la palette dei colori<\/a><\/p>\n<\/div>\n<div class=\"clear\"><\/div>\n<div class=\"grid-60 push-20\" style=\"padding-top: 10px;\">\n<p style=\"text-align: left; font-size: 16px;\"><a href=\"https:\/\/bebypreeminence.com\/wp-content\/uploads\/2023\/10\/privilege_scheda_tecnica.pdf\" target=\"_blank\" rel=\"noopener\"><img decoding=\"async\" loading=\"lazy\" class=\"alignnone\" src=\"https:\/\/bebypreeminence.com\/wp-content\/uploads\/2019\/12\/pdf_gold_32px.png\" alt=\"\" width=\"32\" height=\"32\" border=\"0\" \/><\/a> <b>SCOPRI I DETTAGLI TECNICI DELL\u2019INTERA COLLEZIONE<\/b><\/p>\n<\/div>\n<div class=\"clear\"><\/div>\n<div class=\"grid-60 push-20\" style=\"padding: 50px 0 30px 0;\"><img decoding=\"async\" loading=\"lazy\" class=\"aligncenter size-full wp-image-400\" src=\"https:\/\/bebypreeminence.com\/wp-content\/uploads\/2019\/03\/frame.png\" alt=\"\" width=\"1080\" height=\"35\" srcset=\"https:\/\/bebypreeminence.com\/wp-content\/uploads\/2019\/03\/frame.png 1080w, https:\/\/bebypreeminence.com\/wp-content\/uploads\/2019\/03\/frame-300x10.png 300w, https:\/\/bebypreeminence.com\/wp-content\/uploads\/2019\/03\/frame-768x25.png 768w, https:\/\/bebypreeminence.com\/wp-content\/uploads\/2019\/03\/frame-1024x33.png 1024w\" sizes=\"(max-width: 1080px) 100vw, 1080px\" \/><\/div>\n<\/div>\n<div class=\"grid-container grid-parent\" style=\"text-align: center;\">\n<div class=\"grid-100 grid-parent\" style=\"padding: 10px 0;\"><style type='text\/css'>#cbpw-wrap48 {margin:0px 0px 0px 0px;}#cbpw-grid48 .cbp-l-caption-title {color:#333333;background-color:transparent;font-size:16px;font-family:Open Sans;font-weight:400;font-style:normal;line-height:21px;text-align:center;padding:0px 0px 0px 0px;margin:0px 0px 0px 0px;text-transform:none;}#cbpw-grid48 .cbp-l-caption-desc {color:333333;background-color:transparent;font-size:12px;font-family:Open Sans;font-weight:400;font-style:normal;line-height:16px;text-align:center;padding:0px 0px 0px 0px;margin:0px 0px 0px 0px;text-transform:none;}#cbpw-grid48 .cbp-caption-activeWrap {background-color:#f7f7f7;}#cbpw-loadMore48 .cbp-l-loadMore-link {color:#7E7B7B;background-color:transparent;border-width:1px 1px 1px 1px;border-style:solid;border-color:#DEDEDE;font-size:12px;font-family:Open Sans,sans-serif;font-weight:400;font-style:normal;line-height:34px;text-align:center;padding:0px 30px 0px 30px;margin:40px 0px 0px 0px;text-transform:none;}#cbpw-loadMore48 .cbp-l-loadMore-link:hover {color:#B0B0B0;background-color:transparent;border-width:1px 1px 1px 1px;border-style:solid;border-color:#DEDEDE;font-size:12px;font-family:Open Sans,sans-serif;font-weight:400;font-style:normal;line-height:34px;text-align:center;padding:0px 30px 0px 30px;margin:40px 0px 0px 0px;text-transform:none;}#cbpw-loadMore48 .cbp-l-loadMore-loading {color:#B0B0B0;background-color:transparent;border-width:1px 1px 1px 1px;border-style:solid;border-color:#DEDEDE;font-size:12px;font-family:Open Sans,sans-serif;font-weight:400;font-style:normal;line-height:34px;text-align:center;padding:0px 30px 0px 30px;margin:40px 0px 0px 0px;text-transform:none;}#cbpw-loadMore48 .cbp-l-loadMore-loading:hover {color:#B0B0B0;background-color:transparent;border-width:1px 1px 1px 1px;border-style:solid;border-color:#DEDEDE;font-size:12px;font-family:Open Sans,sans-serif;font-weight:400;font-style:normal;line-height:34px;text-align:center;padding:0px 30px 0px 30px;margin:40px 0px 0px 0px;text-transform:none;}#cbpw-loadMore48 .cbp-l-loadMore-stop {color:#B0B0B0;background-color:transparent;border-width:1px 1px 1px 1px;border-style:solid;border-color:#DEDEDE;font-size:12px;font-family:Open Sans,sans-serif;font-weight:400;font-style:normal;line-height:34px;text-align:center;padding:0px 30px 0px 30px;margin:40px 0px 0px 0px;text-transform:none;}#cbpw-loadMore48 .cbp-l-loadMore-stop:hover {color:#B0B0B0;background-color:transparent;border-width:1px 1px 1px 1px;border-style:solid;border-color:#DEDEDE;font-size:12px;font-family:Open Sans,sans-serif;font-weight:400;font-style:normal;line-height:34px;text-align:center;padding:0px 30px 0px 30px;margin:40px 0px 0px 0px;text-transform:none;}#cbpw-singlePage48 .cbp-popup-navigation-wrap {background-color:#3D4750;}#cbpw-singlePage48 .cbp-popup-singlePage-counter {color:#fff;font-size:13px;font-family:Open Sans;font-weight:400;font-style:normal;}<\/style><link rel=\"stylesheet\" href=\"\/\/fonts.googleapis.com\/css?family=Open+Sans:400normal\" type=\"text\/css\" media=\"all\" property=\"stylesheet\"><div id=\"cbpw-wrap48\"><div id=\"cbpw-grid48\" class=\"cbp-l-grid-masonry cbp \"><div><div class=\"cbp-item identity\"><a href=\"https:\/\/bebypreeminence.com\/wp-content\/uploads\/2019\/04\/applique_crystal_gold_transparent_collection_privilege_bebyitaly_640x640.jpg\" class=\"cbp-caption cbp-lightbox\"><div class=\"cbp-caption-defaultWrap\"><img src=\"https:\/\/bebypreeminence.com\/wp-content\/uploads\/2019\/04\/applique_crystal_gold_transparent_collection_privilege_bebyitaly_640x640.jpg\" alt=\"\"><\/div><div class=\"cbp-caption-activeWrap\"><div class=\"cbp-l-caption-alignCenter\"><div class=\"cbp-l-caption-body\"><div class=\"cbp-l-caption-title\">Privil\u00e8ge - Applique<\/div><div class=\"cbp-l-caption-desc\">Art: <b>0240A01<\/b> (43x28 cm - H. 37 cm)<\/div><\/div><\/div><\/div><\/a><\/div><div class=\"cbp-item identity\"><a href=\"https:\/\/bebypreeminence.com\/wp-content\/uploads\/2019\/04\/chandelier_crystal_gold_transparent_collection_privilege_bebyitaly_640x640.jpg\" class=\"cbp-caption cbp-lightbox\"><div class=\"cbp-caption-defaultWrap\"><img src=\"https:\/\/bebypreeminence.com\/wp-content\/uploads\/2019\/04\/chandelier_crystal_gold_transparent_collection_privilege_bebyitaly_640x640.jpg\" alt=\"\"><\/div><div class=\"cbp-caption-activeWrap\"><div class=\"cbp-l-caption-alignCenter\"><div class=\"cbp-l-caption-body\"><div class=\"cbp-l-caption-title\">Privil\u00e8ge - Chandelier<\/div><div class=\"cbp-l-caption-desc\">Art: <b>0240B03<\/b> (D. 80 cm - H. 37 cm)<\/div><\/div><\/div><\/div><\/a><\/div><div class=\"cbp-item identity\"><a href=\"https:\/\/bebypreeminence.com\/wp-content\/uploads\/2019\/04\/chandelier_crystal_red_transparent_collection_privilege_bebyitaly_640x640.jpg\" class=\"cbp-caption cbp-lightbox\"><div class=\"cbp-caption-defaultWrap\"><img src=\"https:\/\/bebypreeminence.com\/wp-content\/uploads\/2019\/04\/chandelier_crystal_red_transparent_collection_privilege_bebyitaly_640x640.jpg\" alt=\"\"><\/div><div class=\"cbp-caption-activeWrap\"><div class=\"cbp-l-caption-alignCenter\"><div class=\"cbp-l-caption-body\"><div class=\"cbp-l-caption-title\">Privil\u00e8ge - Detail<\/div><div class=\"cbp-l-caption-desc\">Metal, Murano glass and crystal structure<\/div><\/div><\/div><\/div><\/a><\/div><\/div><\/div><\/div><script type=\"text\/javascript\">this.initCubePortfolio =  this.initCubePortfolio || []; this.initCubePortfolio.push({id: 48, options: {\"filters\":\"\",\"search\":\"\",\"layoutMode\":\"mosaic\",\"sortByDimension\":false,\"drag\":true,\"auto\":false,\"autoTimeout\":5000,\"autoPauseOnHover\":true,\"showNavigation\":true,\"showPagination\":true,\"rewindNav\":true,\"scrollByPage\":false,\"defaultFilter\":\"*\",\"filterDeeplinking\":false,\"animationType\":\"slideDelay\",\"gridAdjustment\":\"responsive\",\"mediaQueries\":[{\"width\":1400,\"cols\":3},{\"width\":1170,\"cols\":3},{\"width\":1024,\"cols\":3},{\"width\":960,\"cols\":3},{\"width\":778,\"cols\":3},{\"width\":640,\"cols\":1},{\"width\":480,\"cols\":1}],\"gapHorizontal\":60,\"gapVertical\":0,\"caption\":\"overlayBottomAlong\",\"displayType\":\"bottomToTop\",\"displayTypeSpeed\":100,\"lightboxDelegate\":\".cbp-lightbox\",\"lightboxGallery\":true,\"lightboxTitleSrc\":\"data-title\",\"lightboxCounter\":\"<div class=\\\"cbp-popup-lightbox-counter\\\">{{current}} of {{total}}<\/div>\",\"singlePageDelegate\":\".cbp-singlePage\",\"singlePageDeeplinking\":true,\"singlePageStickyNavigation\":true,\"singlePageCounter\":\"<div class=\\\"cbp-popup-singlePage-counter\\\">{{current}} of {{total}}<\/div>\",\"singlePageAnimation\":\"left\",\"singlePageInlineDelegate\":\".cbp-singlePageInline\",\"singlePageInlineDeeplinking\":false,\"singlePageInlinePosition\":\"above\",\"singlePageInlineInFocus\":true,\"plugins\":{\"loadMore\":{\"element\":\"#cbpw-loadMore48\",\"loadItems\":3}},\"loadMore\":\"\",\"displayItemsLoadMore\":3,\"coverRatio\":\"\"}});<\/script><\/div>\n<\/div>\n<div class=\"grid-container\" style=\"text-align: center;\">\n<div class=\"grid-60 push-20\" style=\"padding: 50px 0 30px 0;\"><img decoding=\"async\" loading=\"lazy\" class=\"aligncenter size-full wp-image-400\" src=\"https:\/\/bebypreeminence.com\/wp-content\/uploads\/2019\/03\/frame.png\" alt=\"\" width=\"1080\" height=\"35\" srcset=\"https:\/\/bebypreeminence.com\/wp-content\/uploads\/2019\/03\/frame.png 1080w, https:\/\/bebypreeminence.com\/wp-content\/uploads\/2019\/03\/frame-300x10.png 300w, https:\/\/bebypreeminence.com\/wp-content\/uploads\/2019\/03\/frame-768x25.png 768w, https:\/\/bebypreeminence.com\/wp-content\/uploads\/2019\/03\/frame-1024x33.png 1024w\" sizes=\"(max-width: 1080px) 100vw, 1080px\" \/><\/div>\n<div class=\"clear\"><\/div>\n<div class=\"grid-100\" style=\"padding: 50px 0 30px 0;\">\n<h4><b>Catalogo della collezione &#8220;Privil\u00e8ge&#8221;<br \/>\nrichiedi al nostro back office<\/b><\/h4>\n<p><button class=\"info\"><a style=\"color: #ffffff;\" href=\"https:\/\/bebypreeminence.com\/it\/catalog-request\/\" target=\"_self\" rel=\"noopener\">INVIA RICHIESTA<\/a><\/button><\/p>\n<\/div>\n<\/div>\n","protected":false},"excerpt":{"rendered":"<p>PRIVIL\u00c8GE Giovane, dinamica e moderna Esaltazione del colore, per ambienti giovani, dinamici e moderni Interamente votata all\u2019esaltazione della straordinaria energia dei colori, la collezione Privil\u00e8ge \u00e8 dedicata ad ambienti giovani, dinamici e moderni, ed \u00e8 stata progettata seguendo i dettami del design modulare che permette di personalizzare il numero di luci, e conseguentemente la dimensione &#8230; <a title=\"Privil\u00e8ge\" class=\"read-more\" href=\"https:\/\/bebypreeminence.com\/it\/collections\/lighting\/privilege\/\">Read more<\/a><\/p>\n","protected":false},"author":1,"featured_media":0,"parent":97,"menu_order":39,"comment_status":"closed","ping_status":"closed","template":"","meta":{"footnotes":""},"aioseo_notices":[],"_links":{"self":[{"href":"https:\/\/bebypreeminence.com\/it\/wp-json\/wp\/v2\/pages\/1859"}],"collection":[{"href":"https:\/\/bebypreeminence.com\/it\/wp-json\/wp\/v2\/pages"}],"about":[{"href":"https:\/\/bebypreeminence.com\/it\/wp-json\/wp\/v2\/types\/page"}],"author":[{"embeddable":true,"href":"https:\/\/bebypreeminence.com\/it\/wp-json\/wp\/v2\/users\/1"}],"replies":[{"embeddable":true,"href":"https:\/\/bebypreeminence.com\/it\/wp-json\/wp\/v2\/comments?post=1859"}],"version-history":[{"count":4,"href":"https:\/\/bebypreeminence.com\/it\/wp-json\/wp\/v2\/pages\/1859\/revisions"}],"predecessor-version":[{"id":10005,"href":"https:\/\/bebypreeminence.com\/it\/wp-json\/wp\/v2\/pages\/1859\/revisions\/10005"}],"up":[{"embeddable":true,"href":"https:\/\/bebypreeminence.com\/it\/wp-json\/wp\/v2\/pages\/97"}],"wp:attachment":[{"href":"https:\/\/bebypreeminence.com\/it\/wp-json\/wp\/v2\/media?parent=1859"}],"curies":[{"name":"wp","href":"https:\/\/api.w.org\/{rel}","templated":true}]}}