{"id":1788,"date":"2019-04-04T09:44:07","date_gmt":"2019-04-04T07:44:07","guid":{"rendered":""},"modified":"2023-10-04T15:11:44","modified_gmt":"2023-10-04T13:11:44","slug":"mademoiselle-corolle","status":"publish","type":"page","link":"https:\/\/bebypreeminence.com\/it\/collections\/lighting\/mademoiselle-corolle\/","title":{"rendered":"Mademoiselle Corolle"},"content":{"rendered":"<div class=\"grid-container grid-parent\">\n<div class=\"grid 100 grid-parent custom-header\" style=\"background-image: url('https:\/\/bebypreeminence.com\/wp-content\/uploads\/2019\/04\/chandelier_crystal_transparent_collection_mademoiselle_corolle_bebyitaly_1920x1080.jpg');\">\n<div class=\"custom-header-text\">\n<h1 style=\"color: #ffffff; text-shadow: 1px 1px #333333;\">MADEMOISELLE COROLLE<\/h1>\n<h2 style=\"color: #ffffff; text-shadow: 1px 1px #333333;\">Particolari ricchi di personalit\u00e0<\/h2>\n<\/div>\n<\/div>\n<\/div>\n<div class=\"grid-container\" style=\"text-align: left;\">\n<div class=\"grid-60 push-20\" style=\"padding-top: 50px; border-bottom: 1px solid #cccccc;\">\n<h4><b>Elementi di ispirazione dec\u00f2 reinterpretati in chiave moderna<\/b><\/h4>\n<h4>La nuova collezione di plafoniere Mademoiselle Corolle Ceiling Lamps, \u00e8 dedicata ad ambienti con altezze contenute, e nasce da elementi stilistici classici, floreali e di ispirazione dec\u00f2, reinterpretati in chiave moderna, giovane e vivace. La progettazione tecnica, interamente modulare, permette di personalizzare le dimensioni delle creazioni per adattarle alle specifiche esigenze abitative, trasformandole in soluzioni di illuminazione funzionali e stilisticamente inedite, decorate con roselline in vetro colorato, o dischi in metallo galvanizzato con emblema Beby realizzato con taglio al laser. Particolari ricchi di personalit\u00e0 che si completano grazie all\u2019esclusiva tecnica di lavorazione del vetro di Murano, frutto degli studi sulla rifrazione della luce, che genera finiture granulari con affascinanti effetti chiaroscurali, velature ed intense, suggestive sfumature.<\/h4>\n<h4><em>Design by Silvia Broggian<\/em><\/h4>\n<\/div>\n<div class=\"grid-60 push-20\" style=\"padding-top: 50px;\">\n<p>Personalizzazioni per questa collezione:<\/p>\n<p><b>&#8211; Finitura metallo:<\/b> <a href=\"https:\/\/bebypreeminence.com\/it\/colors-and-materials-palette\/#metal\">vedi la palette dei colori<\/a><\/p>\n<\/div>\n<div class=\"clear\"><\/div>\n<div class=\"grid-60 push-20\" style=\"padding-top: 10px;\">\n<p style=\"text-align: left; font-size: 16px;\"><a href=\"https:\/\/bebypreeminence.com\/wp-content\/uploads\/2023\/10\/mademoiselle_corolle_scheda_tecnica.pdf\" target=\"_blank\" rel=\"noopener\"><img decoding=\"async\" loading=\"lazy\" class=\"alignnone\" src=\"https:\/\/bebypreeminence.com\/wp-content\/uploads\/2019\/12\/pdf_gold_32px.png\" alt=\"\" width=\"32\" height=\"32\" border=\"0\" \/><\/a> <b>SCOPRI I DETTAGLI TECNICI DELL\u2019INTERA COLLEZIONE<\/b><\/p>\n<\/div>\n<div class=\"clear\"><\/div>\n<div class=\"grid-60 push-20\" style=\"padding: 50px 0 30px 0;\"><img decoding=\"async\" loading=\"lazy\" class=\"aligncenter size-full wp-image-400\" src=\"https:\/\/bebypreeminence.com\/wp-content\/uploads\/2019\/03\/frame.png\" alt=\"\" width=\"1080\" height=\"35\" srcset=\"https:\/\/bebypreeminence.com\/wp-content\/uploads\/2019\/03\/frame.png 1080w, https:\/\/bebypreeminence.com\/wp-content\/uploads\/2019\/03\/frame-300x10.png 300w, https:\/\/bebypreeminence.com\/wp-content\/uploads\/2019\/03\/frame-768x25.png 768w, https:\/\/bebypreeminence.com\/wp-content\/uploads\/2019\/03\/frame-1024x33.png 1024w\" sizes=\"(max-width: 1080px) 100vw, 1080px\" \/><\/div>\n<\/div>\n<div class=\"grid-container grid-parent\" style=\"text-align: center;\">\n<div class=\"grid-100 grid-parent\" style=\"padding: 10px 0;\"><style type='text\/css'>#cbpw-wrap199 {margin:0px 0px 0px 0px;}#cbpw-grid199 .cbp-l-caption-title {color:#333333;background-color:transparent;font-size:16px;font-family:Open Sans;font-weight:400;font-style:normal;line-height:21px;text-align:center;padding:0px 0px 0px 0px;margin:0px 0px 0px 0px;text-transform:none;}#cbpw-grid199 .cbp-l-caption-desc {color:333333;background-color:transparent;font-size:12px;font-family:Open Sans;font-weight:400;font-style:normal;line-height:16px;text-align:center;padding:0px 0px 0px 0px;margin:0px 0px 0px 0px;text-transform:none;}#cbpw-grid199 .cbp-caption-activeWrap {background-color:#f7f7f7;}#cbpw-loadMore199 .cbp-l-loadMore-link {color:#7E7B7B;background-color:transparent;border-width:1px 1px 1px 1px;border-style:solid;border-color:#DEDEDE;font-size:12px;font-family:Open Sans,sans-serif;font-weight:400;font-style:normal;line-height:34px;text-align:center;padding:0px 30px 0px 30px;margin:40px 0px 0px 0px;text-transform:none;}#cbpw-loadMore199 .cbp-l-loadMore-link:hover {color:#B0B0B0;background-color:transparent;border-width:1px 1px 1px 1px;border-style:solid;border-color:#DEDEDE;font-size:12px;font-family:Open Sans,sans-serif;font-weight:400;font-style:normal;line-height:34px;text-align:center;padding:0px 30px 0px 30px;margin:40px 0px 0px 0px;text-transform:none;}#cbpw-loadMore199 .cbp-l-loadMore-loading {color:#B0B0B0;background-color:transparent;border-width:1px 1px 1px 1px;border-style:solid;border-color:#DEDEDE;font-size:12px;font-family:Open Sans,sans-serif;font-weight:400;font-style:normal;line-height:34px;text-align:center;padding:0px 30px 0px 30px;margin:40px 0px 0px 0px;text-transform:none;}#cbpw-loadMore199 .cbp-l-loadMore-loading:hover {color:#B0B0B0;background-color:transparent;border-width:1px 1px 1px 1px;border-style:solid;border-color:#DEDEDE;font-size:12px;font-family:Open Sans,sans-serif;font-weight:400;font-style:normal;line-height:34px;text-align:center;padding:0px 30px 0px 30px;margin:40px 0px 0px 0px;text-transform:none;}#cbpw-loadMore199 .cbp-l-loadMore-stop {color:#B0B0B0;background-color:transparent;border-width:1px 1px 1px 1px;border-style:solid;border-color:#DEDEDE;font-size:12px;font-family:Open Sans,sans-serif;font-weight:400;font-style:normal;line-height:34px;text-align:center;padding:0px 30px 0px 30px;margin:40px 0px 0px 0px;text-transform:none;}#cbpw-loadMore199 .cbp-l-loadMore-stop:hover {color:#B0B0B0;background-color:transparent;border-width:1px 1px 1px 1px;border-style:solid;border-color:#DEDEDE;font-size:12px;font-family:Open Sans,sans-serif;font-weight:400;font-style:normal;line-height:34px;text-align:center;padding:0px 30px 0px 30px;margin:40px 0px 0px 0px;text-transform:none;}#cbpw-singlePage199 .cbp-popup-navigation-wrap {background-color:#3D4750;}#cbpw-singlePage199 .cbp-popup-singlePage-counter {color:#fff;font-size:13px;font-family:Open Sans;font-weight:400;font-style:normal;}<\/style><link rel=\"stylesheet\" href=\"\/\/fonts.googleapis.com\/css?family=Open+Sans:400normal\" type=\"text\/css\" media=\"all\" property=\"stylesheet\"><div id=\"cbpw-wrap199\"><div id=\"cbpw-grid199\" class=\"cbp-l-grid-masonry cbp \"><div><div class=\"cbp-item identity\"><a href=\"https:\/\/bebypreeminence.com\/wp-content\/uploads\/2019\/04\/ceiling_lamp_crystal_transparent_collection_mademoiselle_corolle_bebyitaly_640x640.jpg\" class=\"cbp-caption cbp-lightbox\"><div class=\"cbp-caption-defaultWrap\"><img src=\"https:\/\/bebypreeminence.com\/wp-content\/uploads\/2021\/05\/8000Q02_ceiling_lamp_murano_glass_transparent_multicolor_flowers_collection_mademoiselle_corolle_bebyitaly_640x640.jpg\" alt=\"\"><\/div><div class=\"cbp-caption-activeWrap\"><div class=\"cbp-l-caption-alignCenter\"><div class=\"cbp-l-caption-body\"><div class=\"cbp-l-caption-title\">Mademoiselle Corolle - Lampadario a soffitto<\/div><div class=\"cbp-l-caption-desc\">Art: <b>8000Q02<\/b> (D. 180 cm - H. 80 cm)<\/div><\/div><\/div><\/div><\/a><\/div><div class=\"cbp-item identity\"><a href=\"https:\/\/bebypreeminence.com\/wp-content\/uploads\/2021\/05\/8000Q01_ceiling_lamp_murano_glass_transparent_multicolor_flowers_collection_mademoiselle_corolle_bebyitaly_640x640.jpg\" class=\"cbp-caption cbp-lightbox\"><div class=\"cbp-caption-defaultWrap\"><img src=\"https:\/\/bebypreeminence.com\/wp-content\/uploads\/2021\/05\/8000Q01_ceiling_lamp_murano_glass_transparent_multicolor_flowers_collection_mademoiselle_corolle_bebyitaly_640x640.jpg\" alt=\"\"><\/div><div class=\"cbp-caption-activeWrap\"><div class=\"cbp-l-caption-alignCenter\"><div class=\"cbp-l-caption-body\"><div class=\"cbp-l-caption-title\">Mademoiselle Corolle -Lampadario a soffitto<\/div><div class=\"cbp-l-caption-desc\">Art: <b>8000Q01<\/b> (D. 100 cm - H. 45 cm)<\/div><\/div><\/div><\/div><\/a><\/div><div class=\"cbp-item identity\"><a href=\"https:\/\/bebypreeminence.com\/wp-content\/uploads\/2021\/05\/8010Q01_ceiling_lamp_gold_murano_glass_detail_collection_mademoiselle_corolle_bebyitaly_640x640.jpg\" class=\"cbp-caption cbp-lightbox\"><div class=\"cbp-caption-defaultWrap\"><img src=\"https:\/\/bebypreeminence.com\/wp-content\/uploads\/2019\/04\/ceiling_lamp_crystal_gold_collection_mademoiselle_corolle_bebyitaly_640x640.jpg\" alt=\"\"><\/div><div class=\"cbp-caption-activeWrap\"><div class=\"cbp-l-caption-alignCenter\"><div class=\"cbp-l-caption-body\"><div class=\"cbp-l-caption-title\">Mademoiselle Corolle - Lampadario a soffitto<\/div><div class=\"cbp-l-caption-desc\">Art: <b>8010Q01<\/b> (D. 100 cm - H. 52 cm)<\/div><\/div><\/div><\/div><\/a><\/div><div class=\"cbp-item identity\"><a href=\"https:\/\/bebypreeminence.com\/wp-content\/uploads\/2021\/05\/8020Q01_ceiling_lamp_murano_glass_transparent_rose\u0300_detail_collection_mademoiselle_corolle_bebyitaly_640x640.jpg\" class=\"cbp-caption cbp-lightbox\"><div class=\"cbp-caption-defaultWrap\"><img src=\"https:\/\/bebypreeminence.com\/wp-content\/uploads\/2019\/04\/ceiling_lamp_crystal_bronze_collection_mademoiselle_corolle_bebyitaly_640x640.jpg\" alt=\"\"><\/div><div class=\"cbp-caption-activeWrap\"><div class=\"cbp-l-caption-alignCenter\"><div class=\"cbp-l-caption-body\"><div class=\"cbp-l-caption-title\">Mademoiselle Corolle - Lampadario a soffitto<\/div><div class=\"cbp-l-caption-desc\">Art: <b>8020Q01<\/b> (D. 60 cm - H. 38 cm)<\/div><\/div><\/div><\/div><\/a><\/div><div class=\"cbp-item identity\"><a href=\"https:\/\/bebypreeminence.com\/wp-content\/uploads\/2021\/05\/8010Q05_ceiling_lamp_gold_murano_glass_crystal_transparent_chains_pendants_collection_mademoiselle_corolle_bebyitaly_640x640.jpg\" class=\"cbp-caption cbp-lightbox\"><div class=\"cbp-caption-defaultWrap\"><img src=\"https:\/\/bebypreeminence.com\/wp-content\/uploads\/2021\/05\/8010Q05_ceiling_lamp_gold_murano_glass_crystal_transparent_chains_pendants_collection_mademoiselle_corolle_bebyitaly_640x640.jpg\" alt=\"\"><\/div><div class=\"cbp-caption-activeWrap\"><div class=\"cbp-l-caption-alignCenter\"><div class=\"cbp-l-caption-body\"><div class=\"cbp-l-caption-title\">Mademoiselle Corolle -Lampadario a soffitto<\/div><div class=\"cbp-l-caption-desc\">Art: <b>8010Q05<\/b> (D. 100 cm - H. 150 cm)<\/div><\/div><\/div><\/div><\/a><\/div><div class=\"cbp-item identity\"><a href=\"https:\/\/bebypreeminence.com\/wp-content\/uploads\/2021\/05\/8010A03_ceiling_lamp_white_gold_murano_glass_crystal_transparent_chains_pendants_collection_mademoiselle_corolle_bebyitaly_640x640.jpg\" class=\"cbp-caption cbp-lightbox\"><div class=\"cbp-caption-defaultWrap\"><img src=\"https:\/\/bebypreeminence.com\/wp-content\/uploads\/2021\/05\/8010A03_ceiling_lamp_white_gold_murano_glass_crystal_transparent_chains_pendants_collection_mademoiselle_corolle_bebyitaly_640x640.jpg\" alt=\"\"><\/div><div class=\"cbp-caption-activeWrap\"><div class=\"cbp-l-caption-alignCenter\"><div class=\"cbp-l-caption-body\"><div class=\"cbp-l-caption-title\">Mademoiselle Corolle - Applique<\/div><div class=\"cbp-l-caption-desc\">Art: <b>8010A03\/b&gt; (40X23 - H. 75 cm)<\/b><\/div><\/div><\/div><\/div><\/a><\/div><\/div><\/div><\/div><script type=\"text\/javascript\">this.initCubePortfolio =  this.initCubePortfolio || []; this.initCubePortfolio.push({id: 199, options: {\"filters\":\"\",\"search\":\"\",\"layoutMode\":\"mosaic\",\"sortByDimension\":false,\"drag\":true,\"auto\":false,\"autoTimeout\":5000,\"autoPauseOnHover\":true,\"showNavigation\":true,\"showPagination\":true,\"rewindNav\":true,\"scrollByPage\":false,\"defaultFilter\":\"*\",\"filterDeeplinking\":false,\"animationType\":\"slideDelay\",\"gridAdjustment\":\"responsive\",\"mediaQueries\":[{\"width\":1400,\"cols\":3},{\"width\":1170,\"cols\":3},{\"width\":1024,\"cols\":3},{\"width\":960,\"cols\":3},{\"width\":778,\"cols\":3},{\"width\":640,\"cols\":1},{\"width\":480,\"cols\":1}],\"gapHorizontal\":60,\"gapVertical\":0,\"caption\":\"overlayBottomAlong\",\"displayType\":\"bottomToTop\",\"displayTypeSpeed\":100,\"lightboxDelegate\":\".cbp-lightbox\",\"lightboxGallery\":true,\"lightboxTitleSrc\":\"data-title\",\"lightboxCounter\":\"<div class=\\\"cbp-popup-lightbox-counter\\\">{{current}} of {{total}}<\/div>\",\"singlePageDelegate\":\".cbp-singlePage\",\"singlePageDeeplinking\":true,\"singlePageStickyNavigation\":true,\"singlePageCounter\":\"<div class=\\\"cbp-popup-singlePage-counter\\\">{{current}} of {{total}}<\/div>\",\"singlePageAnimation\":\"left\",\"singlePageInlineDelegate\":\".cbp-singlePageInline\",\"singlePageInlineDeeplinking\":false,\"singlePageInlinePosition\":\"above\",\"singlePageInlineInFocus\":true,\"plugins\":{\"loadMore\":{\"element\":\"#cbpw-loadMore199\",\"loadItems\":3}},\"loadMore\":\"\",\"displayItemsLoadMore\":3,\"coverRatio\":\"\"}});<\/script><\/div>\n<\/div>\n<div class=\"grid-container\" style=\"text-align: center;\">\n<div class=\"grid-60 push-20\" style=\"padding: 50px 0 30px 0;\"><img decoding=\"async\" loading=\"lazy\" class=\"aligncenter size-full wp-image-400\" src=\"https:\/\/bebypreeminence.com\/wp-content\/uploads\/2019\/03\/frame.png\" alt=\"\" width=\"1080\" height=\"35\" srcset=\"https:\/\/bebypreeminence.com\/wp-content\/uploads\/2019\/03\/frame.png 1080w, https:\/\/bebypreeminence.com\/wp-content\/uploads\/2019\/03\/frame-300x10.png 300w, https:\/\/bebypreeminence.com\/wp-content\/uploads\/2019\/03\/frame-768x25.png 768w, https:\/\/bebypreeminence.com\/wp-content\/uploads\/2019\/03\/frame-1024x33.png 1024w\" sizes=\"(max-width: 1080px) 100vw, 1080px\" \/><\/div>\n<div class=\"clear\"><\/div>\n<div class=\"grid-100\" style=\"padding: 50px 0 30px 0;\">\n<h4><b>Catalogo della collezione &#8220;Mademoiselle Corolle&#8221;<br \/>\nrichiedi al nostro back office<\/b><\/h4>\n<p><button class=\"info\"><a style=\"color: #ffffff;\" href=\"https:\/\/bebypreeminence.com\/it\/catalog-request\/\" target=\"_self\" rel=\"noopener\">INVIA RICHIESTA<\/a><\/button><\/p>\n<\/div>\n<\/div>\n","protected":false},"excerpt":{"rendered":"<p>MADEMOISELLE COROLLE Particolari ricchi di personalit\u00e0 Elementi di ispirazione dec\u00f2 reinterpretati in chiave moderna La nuova collezione di plafoniere Mademoiselle Corolle Ceiling Lamps, \u00e8 dedicata ad ambienti con altezze contenute, e nasce da elementi stilistici classici, floreali e di ispirazione dec\u00f2, reinterpretati in chiave moderna, giovane e vivace. La progettazione tecnica, interamente modulare, permette di &#8230; <a title=\"Mademoiselle Corolle\" class=\"read-more\" href=\"https:\/\/bebypreeminence.com\/it\/collections\/lighting\/mademoiselle-corolle\/\">Read more<\/a><\/p>\n","protected":false},"author":1,"featured_media":0,"parent":97,"menu_order":33,"comment_status":"closed","ping_status":"closed","template":"","meta":{"footnotes":""},"aioseo_notices":[],"_links":{"self":[{"href":"https:\/\/bebypreeminence.com\/it\/wp-json\/wp\/v2\/pages\/1788"}],"collection":[{"href":"https:\/\/bebypreeminence.com\/it\/wp-json\/wp\/v2\/pages"}],"about":[{"href":"https:\/\/bebypreeminence.com\/it\/wp-json\/wp\/v2\/types\/page"}],"author":[{"embeddable":true,"href":"https:\/\/bebypreeminence.com\/it\/wp-json\/wp\/v2\/users\/1"}],"replies":[{"embeddable":true,"href":"https:\/\/bebypreeminence.com\/it\/wp-json\/wp\/v2\/comments?post=1788"}],"version-history":[{"count":5,"href":"https:\/\/bebypreeminence.com\/it\/wp-json\/wp\/v2\/pages\/1788\/revisions"}],"predecessor-version":[{"id":9930,"href":"https:\/\/bebypreeminence.com\/it\/wp-json\/wp\/v2\/pages\/1788\/revisions\/9930"}],"up":[{"embeddable":true,"href":"https:\/\/bebypreeminence.com\/it\/wp-json\/wp\/v2\/pages\/97"}],"wp:attachment":[{"href":"https:\/\/bebypreeminence.com\/it\/wp-json\/wp\/v2\/media?parent=1788"}],"curies":[{"name":"wp","href":"https:\/\/api.w.org\/{rel}","templated":true}]}}