{"id":1708,"date":"2019-04-01T15:09:56","date_gmt":"2019-04-01T13:09:56","guid":{"rendered":""},"modified":"2023-10-03T14:44:07","modified_gmt":"2023-10-03T12:44:07","slug":"celebrity","status":"publish","type":"page","link":"https:\/\/bebypreeminence.com\/it\/collections\/lighting\/celebrity\/","title":{"rendered":"Celebrity"},"content":{"rendered":"<div class=\"grid-container grid-parent\">\n<div class=\"grid 100 grid-parent custom-header\" style=\"background-image: url('https:\/\/bebypreeminence.com\/wp-content\/uploads\/2019\/04\/chandelier_crystal_glass_transparent_collection_celebrity_bebyitaly_1920x1080.jpg');\">\n<div class=\"custom-header-text\">\n<h1 style=\"color: #ffffff; text-shadow: 1px 1px #333333;\">CELEBRITY<\/h1>\n<h2 style=\"color: #ffffff; text-shadow: 1px 1px #333333;\">Dettagli di moderna bellezza<\/h2>\n<\/div>\n<\/div>\n<\/div>\n<div class=\"grid-container\" style=\"text-align: left;\">\n<div class=\"grid-60 push-20\" style=\"padding-top: 50px; border-bottom: 1px solid #cccccc;\">\n<h4><b>Colore ed eleganza regale<\/b><\/h4>\n<h4>Punto di arrivo di una ricerca in continua evoluzione. Questa \u00e8 Celebrity, collezione con cui Beby Preeminence rinnova due progetti all&#8217;apice delle sue creazioni: lo spettacolare lampadario Queen of Roses, trionfo di dettagli e variet\u00e0 cromatiche, e la sua reinterpretazione Princess. La moderna bellezza di Celebrity si rispecchia nella particolare forma del telaio in metallo ros\u00e8, composto da listelli in vetro di Murano. Avvolgente la calda intensit\u00e0 della finitura ros\u00e8, ottenuta tramite processi di elettro-colorazione e che si riverbera nella trasparenza delle coppe in cristallo. Le gocce in vetro di Murano, a forma di mandorla, racchiudono un arcobaleno di polveri brillanti, disponibili in varie colorazioni. Dimensioni contenute esaltate da preziosi dettagli, per chi ama circondarsi di &#8220;effetti speciali&#8221; nel mondo del lusso.<\/h4>\n<h4><em>Design by Silvia Broggian<\/em><\/h4>\n<\/div>\n<div class=\"grid-60 push-20\" style=\"padding-top: 50px;\">\n<p>Personalizzazioni per questa collezione:<\/p>\n<p><b>&#8211; Colore del Beby Pendant:<\/b> <a href=\"https:\/\/bebypreeminence.com\/it\/colors-and-materials-palette\/#pendant\">vedi la palette dei colori<\/a><br \/>\n<b>&#8211; Finitura metallo:<\/b> <a href=\"https:\/\/bebypreeminence.com\/it\/colors-and-materials-palette\/#metal\">vedi la palette dei colori<\/a><\/p>\n<\/div>\n<div class=\"clear\"><\/div>\n<div class=\"grid-60 push-20\" style=\"padding-top: 10px;\">\n<p style=\"text-align: left; font-size: 16px;\"><a href=\"https:\/\/bebypreeminence.com\/wp-content\/uploads\/2023\/10\/celebrity_scheda_tecnica.pdf\" target=\"_blank\" rel=\"noopener\"><img decoding=\"async\" loading=\"lazy\" class=\"alignnone\" src=\"https:\/\/bebypreeminence.com\/wp-content\/uploads\/2019\/12\/pdf_gold_32px.png\" alt=\"\" width=\"32\" height=\"32\" border=\"0\" \/><\/a> <b>SCOPRI I DETTAGLI TECNICI DELL\u2019INTERA COLLEZIONE<\/b><\/p>\n<\/div>\n<div class=\"clear\"><\/div>\n<div class=\"grid-60 push-20\" style=\"padding: 50px 0 30px 0;\"><img decoding=\"async\" loading=\"lazy\" class=\"aligncenter size-full wp-image-400\" src=\"https:\/\/bebypreeminence.com\/wp-content\/uploads\/2019\/03\/frame.png\" alt=\"\" width=\"1080\" height=\"35\" srcset=\"https:\/\/bebypreeminence.com\/wp-content\/uploads\/2019\/03\/frame.png 1080w, https:\/\/bebypreeminence.com\/wp-content\/uploads\/2019\/03\/frame-300x10.png 300w, https:\/\/bebypreeminence.com\/wp-content\/uploads\/2019\/03\/frame-768x25.png 768w, https:\/\/bebypreeminence.com\/wp-content\/uploads\/2019\/03\/frame-1024x33.png 1024w\" sizes=\"(max-width: 1080px) 100vw, 1080px\" \/><\/div>\n<\/div>\n<div class=\"grid-container grid-parent\" style=\"text-align: center;\">\n<div class=\"grid-100 grid-parent\" style=\"padding: 10px 0;\"><style type='text\/css'>#cbpw-wrap36 {margin:0px 0px 0px 0px;}#cbpw-grid36 .cbp-l-caption-title {color:#333333;background-color:transparent;font-size:16px;font-family:Open Sans;font-weight:400;font-style:normal;line-height:21px;text-align:center;padding:0px 0px 0px 0px;margin:0px 0px 0px 0px;text-transform:none;}#cbpw-grid36 .cbp-l-caption-desc {color:333333;background-color:transparent;font-size:12px;font-family:Open Sans;font-weight:400;font-style:normal;line-height:16px;text-align:center;padding:0px 0px 0px 0px;margin:0px 0px 0px 0px;text-transform:none;}#cbpw-grid36 .cbp-caption-activeWrap {background-color:#f7f7f7;}#cbpw-loadMore36 .cbp-l-loadMore-link {color:#7E7B7B;background-color:transparent;border-width:1px 1px 1px 1px;border-style:solid;border-color:#DEDEDE;font-size:12px;font-family:Open Sans,sans-serif;font-weight:400;font-style:normal;line-height:34px;text-align:center;padding:0px 30px 0px 30px;margin:40px 0px 0px 0px;text-transform:none;}#cbpw-loadMore36 .cbp-l-loadMore-link:hover {color:#B0B0B0;background-color:transparent;border-width:1px 1px 1px 1px;border-style:solid;border-color:#DEDEDE;font-size:12px;font-family:Open Sans,sans-serif;font-weight:400;font-style:normal;line-height:34px;text-align:center;padding:0px 30px 0px 30px;margin:40px 0px 0px 0px;text-transform:none;}#cbpw-loadMore36 .cbp-l-loadMore-loading {color:#B0B0B0;background-color:transparent;border-width:1px 1px 1px 1px;border-style:solid;border-color:#DEDEDE;font-size:12px;font-family:Open Sans,sans-serif;font-weight:400;font-style:normal;line-height:34px;text-align:center;padding:0px 30px 0px 30px;margin:40px 0px 0px 0px;text-transform:none;}#cbpw-loadMore36 .cbp-l-loadMore-loading:hover {color:#B0B0B0;background-color:transparent;border-width:1px 1px 1px 1px;border-style:solid;border-color:#DEDEDE;font-size:12px;font-family:Open Sans,sans-serif;font-weight:400;font-style:normal;line-height:34px;text-align:center;padding:0px 30px 0px 30px;margin:40px 0px 0px 0px;text-transform:none;}#cbpw-loadMore36 .cbp-l-loadMore-stop {color:#B0B0B0;background-color:transparent;border-width:1px 1px 1px 1px;border-style:solid;border-color:#DEDEDE;font-size:12px;font-family:Open Sans,sans-serif;font-weight:400;font-style:normal;line-height:34px;text-align:center;padding:0px 30px 0px 30px;margin:40px 0px 0px 0px;text-transform:none;}#cbpw-loadMore36 .cbp-l-loadMore-stop:hover {color:#B0B0B0;background-color:transparent;border-width:1px 1px 1px 1px;border-style:solid;border-color:#DEDEDE;font-size:12px;font-family:Open Sans,sans-serif;font-weight:400;font-style:normal;line-height:34px;text-align:center;padding:0px 30px 0px 30px;margin:40px 0px 0px 0px;text-transform:none;}#cbpw-singlePage36 .cbp-popup-navigation-wrap {background-color:#3D4750;}#cbpw-singlePage36 .cbp-popup-singlePage-counter {color:#fff;font-size:13px;font-family:Open Sans;font-weight:400;font-style:normal;}<\/style><link rel=\"stylesheet\" href=\"\/\/fonts.googleapis.com\/css?family=Open+Sans:400normal\" type=\"text\/css\" media=\"all\" property=\"stylesheet\"><div id=\"cbpw-wrap36\"><div id=\"cbpw-grid36\" class=\"cbp-l-grid-masonry cbp \"><div><div class=\"cbp-item identity\"><a href=\"https:\/\/bebypreeminence.com\/wp-content\/uploads\/2019\/04\/applique_crystal_glass_pink_collection_celebrity_bebyitaly_640x640.jpg\" class=\"cbp-caption cbp-lightbox\"><div class=\"cbp-caption-defaultWrap\"><img src=\"https:\/\/bebypreeminence.com\/wp-content\/uploads\/2019\/04\/applique_crystal_glass_pink_collection_celebrity_bebyitaly_640x640.jpg\" alt=\"\"><\/div><div class=\"cbp-caption-activeWrap\"><div class=\"cbp-l-caption-alignCenter\"><div class=\"cbp-l-caption-body\"><div class=\"cbp-l-caption-title\">Celebrity - Applique<\/div><div class=\"cbp-l-caption-desc\">Art: <b>9050A02<\/b> (52x30 cm - H. 82 cm)<\/div><\/div><\/div><\/div><\/a><\/div><div class=\"cbp-item identity\"><a href=\"https:\/\/bebypreeminence.com\/wp-content\/uploads\/2019\/04\/chandelier_crystal_glass_pink_collection_celebrity_bebyitaly_640x640.jpg\" class=\"cbp-caption cbp-lightbox\"><div class=\"cbp-caption-defaultWrap\"><img src=\"https:\/\/bebypreeminence.com\/wp-content\/uploads\/2019\/04\/chandelier_crystal_glass_pink_collection_celebrity_bebyitaly_640x640.jpg\" alt=\"\"><\/div><div class=\"cbp-caption-activeWrap\"><div class=\"cbp-l-caption-alignCenter\"><div class=\"cbp-l-caption-body\"><div class=\"cbp-l-caption-title\">Celebrity - Chandelier<\/div><div class=\"cbp-l-caption-desc\">Art: <b>9050B01<\/b> (D. 136 cm - H. 110 cm)<\/div><\/div><\/div><\/div><\/a><\/div><div class=\"cbp-item identity\"><a href=\"https:\/\/bebypreeminence.com\/wp-content\/uploads\/2019\/04\/chandelier_crystal_glass_pink_collection_celebrity_bebyitaly_01_640x640.jpg\" class=\"cbp-caption cbp-lightbox\"><div class=\"cbp-caption-defaultWrap\"><img src=\"https:\/\/bebypreeminence.com\/wp-content\/uploads\/2019\/04\/chandelier_crystal_glass_pink_collection_celebrity_bebyitaly_01_640x640.jpg\" alt=\"\"><\/div><div class=\"cbp-caption-activeWrap\"><div class=\"cbp-l-caption-alignCenter\"><div class=\"cbp-l-caption-body\"><div class=\"cbp-l-caption-title\">Celebrity - View<\/div><div class=\"cbp-l-caption-desc\">Example of installation in a living area<\/div><\/div><\/div><\/div><\/a><\/div><\/div><\/div><\/div><script type=\"text\/javascript\">this.initCubePortfolio =  this.initCubePortfolio || []; this.initCubePortfolio.push({id: 36, options: {\"filters\":\"\",\"search\":\"\",\"layoutMode\":\"mosaic\",\"sortByDimension\":false,\"drag\":true,\"auto\":false,\"autoTimeout\":5000,\"autoPauseOnHover\":true,\"showNavigation\":true,\"showPagination\":true,\"rewindNav\":true,\"scrollByPage\":false,\"defaultFilter\":\"*\",\"filterDeeplinking\":false,\"animationType\":\"slideDelay\",\"gridAdjustment\":\"responsive\",\"mediaQueries\":[{\"width\":1400,\"cols\":3},{\"width\":1170,\"cols\":3},{\"width\":1024,\"cols\":3},{\"width\":960,\"cols\":3},{\"width\":778,\"cols\":3},{\"width\":640,\"cols\":1},{\"width\":480,\"cols\":1}],\"gapHorizontal\":60,\"gapVertical\":0,\"caption\":\"overlayBottomAlong\",\"displayType\":\"bottomToTop\",\"displayTypeSpeed\":100,\"lightboxDelegate\":\".cbp-lightbox\",\"lightboxGallery\":true,\"lightboxTitleSrc\":\"data-title\",\"lightboxCounter\":\"<div class=\\\"cbp-popup-lightbox-counter\\\">{{current}} of {{total}}<\/div>\",\"singlePageDelegate\":\".cbp-singlePage\",\"singlePageDeeplinking\":true,\"singlePageStickyNavigation\":true,\"singlePageCounter\":\"<div class=\\\"cbp-popup-singlePage-counter\\\">{{current}} of {{total}}<\/div>\",\"singlePageAnimation\":\"left\",\"singlePageInlineDelegate\":\".cbp-singlePageInline\",\"singlePageInlineDeeplinking\":false,\"singlePageInlinePosition\":\"above\",\"singlePageInlineInFocus\":true,\"plugins\":{\"loadMore\":{\"element\":\"#cbpw-loadMore36\",\"loadItems\":3}},\"loadMore\":\"\",\"displayItemsLoadMore\":3,\"coverRatio\":\"\"}});<\/script><\/div>\n<\/div>\n<div class=\"grid-container\" style=\"text-align: center;\">\n<div class=\"grid-60 push-20\" style=\"padding: 50px 0 30px 0;\"><img decoding=\"async\" loading=\"lazy\" class=\"aligncenter size-full wp-image-400\" src=\"https:\/\/bebypreeminence.com\/wp-content\/uploads\/2019\/03\/frame.png\" alt=\"\" width=\"1080\" height=\"35\" srcset=\"https:\/\/bebypreeminence.com\/wp-content\/uploads\/2019\/03\/frame.png 1080w, https:\/\/bebypreeminence.com\/wp-content\/uploads\/2019\/03\/frame-300x10.png 300w, https:\/\/bebypreeminence.com\/wp-content\/uploads\/2019\/03\/frame-768x25.png 768w, https:\/\/bebypreeminence.com\/wp-content\/uploads\/2019\/03\/frame-1024x33.png 1024w\" sizes=\"(max-width: 1080px) 100vw, 1080px\" \/><\/div>\n<div class=\"clear\"><\/div>\n<div class=\"grid-100\" style=\"padding: 50px 0 30px 0;\">\n<h4><b>Catalogo della collezione &#8220;Celebrity&#8221;<br \/>\nrichiedi al nostro back office<\/b><\/h4>\n<p><button class=\"info\"><a style=\"color: #ffffff;\" href=\"https:\/\/bebypreeminence.com\/it\/catalog-request\/\" target=\"_self\" rel=\"noopener\">INVIA RICHIESTA<\/a><\/button><\/p>\n<\/div>\n<\/div>\n","protected":false},"excerpt":{"rendered":"<p>CELEBRITY Dettagli di moderna bellezza Colore ed eleganza regale Punto di arrivo di una ricerca in continua evoluzione. Questa \u00e8 Celebrity, collezione con cui Beby Preeminence rinnova due progetti all&#8217;apice delle sue creazioni: lo spettacolare lampadario Queen of Roses, trionfo di dettagli e variet\u00e0 cromatiche, e la sua reinterpretazione Princess. La moderna bellezza di Celebrity &#8230; <a title=\"Celebrity\" class=\"read-more\" href=\"https:\/\/bebypreeminence.com\/it\/collections\/lighting\/celebrity\/\">Read more<\/a><\/p>\n","protected":false},"author":1,"featured_media":0,"parent":97,"menu_order":27,"comment_status":"closed","ping_status":"closed","template":"","meta":{"footnotes":""},"aioseo_notices":[],"_links":{"self":[{"href":"https:\/\/bebypreeminence.com\/it\/wp-json\/wp\/v2\/pages\/1708"}],"collection":[{"href":"https:\/\/bebypreeminence.com\/it\/wp-json\/wp\/v2\/pages"}],"about":[{"href":"https:\/\/bebypreeminence.com\/it\/wp-json\/wp\/v2\/types\/page"}],"author":[{"embeddable":true,"href":"https:\/\/bebypreeminence.com\/it\/wp-json\/wp\/v2\/users\/1"}],"replies":[{"embeddable":true,"href":"https:\/\/bebypreeminence.com\/it\/wp-json\/wp\/v2\/comments?post=1708"}],"version-history":[{"count":2,"href":"https:\/\/bebypreeminence.com\/it\/wp-json\/wp\/v2\/pages\/1708\/revisions"}],"predecessor-version":[{"id":9853,"href":"https:\/\/bebypreeminence.com\/it\/wp-json\/wp\/v2\/pages\/1708\/revisions\/9853"}],"up":[{"embeddable":true,"href":"https:\/\/bebypreeminence.com\/it\/wp-json\/wp\/v2\/pages\/97"}],"wp:attachment":[{"href":"https:\/\/bebypreeminence.com\/it\/wp-json\/wp\/v2\/media?parent=1708"}],"curies":[{"name":"wp","href":"https:\/\/api.w.org\/{rel}","templated":true}]}}